{"id":27128,"date":"2021-12-17T15:32:03","date_gmt":"2021-12-17T15:32:03","guid":{"rendered":"https:\/\/chapal.fr\/produit\/serviette-captain\/"},"modified":"2024-05-21T11:01:52","modified_gmt":"2024-05-21T11:01:52","slug":"serviette-captain","status":"publish","type":"product","link":"https:\/\/chapal.fr\/fr\/produit\/serviette-captain\/","title":{"rendered":"Serviette Captain"},"content":{"rendered":"","protected":false},"excerpt":{"rendered":"<p>Cuir glac\u00e9<br \/>\nDoublure en gabardine de coton<br \/>\nDeux poches ext\u00e9rieures plaqu\u00e9es<br \/>\nPoches int\u00e9rieures matelass\u00e9es<br \/>\nSangle d&rsquo;attache ext\u00e9rieure \u00e0 glisser dans la poign\u00e9e d&rsquo;une valise<br \/>\nPoign\u00e9es en cuir cousues \u00e0 la main<\/p>\n","protected":false},"featured_media":27122,"template":"","meta":[],"product_cat":[1313],"product_tag":[],"acf":[],"_links":{"self":[{"href":"https:\/\/chapal.fr\/fr\/wp-json\/wp\/v2\/product\/27128"}],"collection":[{"href":"https:\/\/chapal.fr\/fr\/wp-json\/wp\/v2\/product"}],"about":[{"href":"https:\/\/chapal.fr\/fr\/wp-json\/wp\/v2\/types\/product"}],"wp:featuredmedia":[{"embeddable":true,"href":"https:\/\/chapal.fr\/fr\/wp-json\/wp\/v2\/media\/27122"}],"wp:attachment":[{"href":"https:\/\/chapal.fr\/fr\/wp-json\/wp\/v2\/media?parent=27128"}],"wp:term":[{"taxonomy":"product_cat","embeddable":true,"href":"https:\/\/chapal.fr\/fr\/wp-json\/wp\/v2\/product_cat?post=27128"},{"taxonomy":"product_tag","embeddable":true,"href":"https:\/\/chapal.fr\/fr\/wp-json\/wp\/v2\/product_tag?post=27128"}],"curies":[{"name":"wp","href":"https:\/\/api.w.org\/{rel}","templated":true}]}}