{"id":27052,"date":"2021-12-15T16:21:24","date_gmt":"2021-12-15T16:21:24","guid":{"rendered":"https:\/\/chapal.fr\/produit\/blouson-brooklyn-fiter-cuir-de-chevre\/"},"modified":"2026-04-13T20:45:55","modified_gmt":"2026-04-13T20:45:55","slug":"blouson-brooklyn-fiter-vintage-cuir-vegetal","status":"publish","type":"product","link":"https:\/\/chapal.fr\/fr\/produit\/blouson-brooklyn-fiter-vintage-cuir-vegetal\/","title":{"rendered":"Brooklyn Fiter &#8211; Vintage"},"content":{"rendered":"","protected":false},"excerpt":{"rendered":"<div class=\"product-short-description\">\n<p>Cuir v\u00e9g\u00e9tal<br \/>\nCouleur Brun<br \/>\nDoublure en soie dor\u00e9e<br \/>\nBord c\u00f4te en coton<br \/>\nFermeture \u00e0 glissi\u00e8re en laiton \u2013 Riri<\/p>\n<p>\u00c9tat: Tr\u00e8s bon \u00e9tat<\/p>\n<\/div>\n","protected":false},"featured_media":27049,"template":"","meta":[],"product_cat":[2799],"product_tag":[],"acf":[],"_links":{"self":[{"href":"https:\/\/chapal.fr\/fr\/wp-json\/wp\/v2\/product\/27052"}],"collection":[{"href":"https:\/\/chapal.fr\/fr\/wp-json\/wp\/v2\/product"}],"about":[{"href":"https:\/\/chapal.fr\/fr\/wp-json\/wp\/v2\/types\/product"}],"wp:featuredmedia":[{"embeddable":true,"href":"https:\/\/chapal.fr\/fr\/wp-json\/wp\/v2\/media\/27049"}],"wp:attachment":[{"href":"https:\/\/chapal.fr\/fr\/wp-json\/wp\/v2\/media?parent=27052"}],"wp:term":[{"taxonomy":"product_cat","embeddable":true,"href":"https:\/\/chapal.fr\/fr\/wp-json\/wp\/v2\/product_cat?post=27052"},{"taxonomy":"product_tag","embeddable":true,"href":"https:\/\/chapal.fr\/fr\/wp-json\/wp\/v2\/product_tag?post=27052"}],"curies":[{"name":"wp","href":"https:\/\/api.w.org\/{rel}","templated":true}]}}