{"id":26353,"date":"2021-08-30T14:58:32","date_gmt":"2021-08-30T14:58:32","guid":{"rendered":"https:\/\/chapal.fr\/produit\/impermeable\/"},"modified":"2026-02-20T16:55:06","modified_gmt":"2026-02-20T16:55:06","slug":"impermeable-vintag-toile-denim-delavee-chapal","status":"publish","type":"product","link":"https:\/\/chapal.fr\/fr\/produit\/impermeable-vintag-toile-denim-delavee-chapal\/","title":{"rendered":"Imperm\u00e9able &#8211; Vintage"},"content":{"rendered":"","protected":false},"excerpt":{"rendered":"<p>Toile denim d\u00e9lav\u00e9e<br \/>\nNon doubl\u00e9<br \/>\nFermeture \u00e0 glissi\u00e8re en laiton &#8211; Riri<\/p>\n<p>\u00c9tat : Tr\u00e8s bon \u00e9tat<\/p>\n","protected":false},"featured_media":26352,"template":"","meta":[],"product_cat":[2799],"product_tag":[],"acf":[],"_links":{"self":[{"href":"https:\/\/chapal.fr\/fr\/wp-json\/wp\/v2\/product\/26353"}],"collection":[{"href":"https:\/\/chapal.fr\/fr\/wp-json\/wp\/v2\/product"}],"about":[{"href":"https:\/\/chapal.fr\/fr\/wp-json\/wp\/v2\/types\/product"}],"wp:featuredmedia":[{"embeddable":true,"href":"https:\/\/chapal.fr\/fr\/wp-json\/wp\/v2\/media\/26352"}],"wp:attachment":[{"href":"https:\/\/chapal.fr\/fr\/wp-json\/wp\/v2\/media?parent=26353"}],"wp:term":[{"taxonomy":"product_cat","embeddable":true,"href":"https:\/\/chapal.fr\/fr\/wp-json\/wp\/v2\/product_cat?post=26353"},{"taxonomy":"product_tag","embeddable":true,"href":"https:\/\/chapal.fr\/fr\/wp-json\/wp\/v2\/product_tag?post=26353"}],"curies":[{"name":"wp","href":"https:\/\/api.w.org\/{rel}","templated":true}]}}