{"id":23749,"date":"2021-02-10T09:19:10","date_gmt":"2021-02-10T09:19:10","guid":{"rendered":"https:\/\/chapal.fr\/produit\/blouson-bb-nick-fouquet\/"},"modified":"2026-02-20T15:57:46","modified_gmt":"2026-02-20T15:57:46","slug":"blouson-bb-nick-fouquet-vintage-cuir-chapal","status":"publish","type":"product","link":"https:\/\/chapal.fr\/fr\/produit\/blouson-bb-nick-fouquet-vintage-cuir-chapal\/","title":{"rendered":"BB Nick Fouquet &#8211; Vintage"},"content":{"rendered":"","protected":false},"excerpt":{"rendered":"<p>Cuir glac\u00e9<br \/>\nCouleur Noir<br \/>\nPeinture au dos faite \u00e0 la main<br \/>\nDoublure en soie ouatin\u00e9e verte<br \/>\nFermetures \u00e0 glissi\u00e8re en laiton &#8211; Riri<\/p>\n<p>\u00c9tat : Tr\u00e8s bon \u00e9tat<\/p>\n","protected":false},"featured_media":23748,"template":"","meta":[],"product_cat":[2799],"product_tag":[],"acf":[],"_links":{"self":[{"href":"https:\/\/chapal.fr\/fr\/wp-json\/wp\/v2\/product\/23749"}],"collection":[{"href":"https:\/\/chapal.fr\/fr\/wp-json\/wp\/v2\/product"}],"about":[{"href":"https:\/\/chapal.fr\/fr\/wp-json\/wp\/v2\/types\/product"}],"wp:featuredmedia":[{"embeddable":true,"href":"https:\/\/chapal.fr\/fr\/wp-json\/wp\/v2\/media\/23748"}],"wp:attachment":[{"href":"https:\/\/chapal.fr\/fr\/wp-json\/wp\/v2\/media?parent=23749"}],"wp:term":[{"taxonomy":"product_cat","embeddable":true,"href":"https:\/\/chapal.fr\/fr\/wp-json\/wp\/v2\/product_cat?post=23749"},{"taxonomy":"product_tag","embeddable":true,"href":"https:\/\/chapal.fr\/fr\/wp-json\/wp\/v2\/product_tag?post=23749"}],"curies":[{"name":"wp","href":"https:\/\/api.w.org\/{rel}","templated":true}]}}