{"id":23366,"date":"2021-01-28T08:57:40","date_gmt":"2021-01-28T08:57:40","guid":{"rendered":"https:\/\/chapal.fr\/produit\/pochette-python\/"},"modified":"2024-02-19T09:20:55","modified_gmt":"2024-02-19T09:20:55","slug":"pochette-python","status":"publish","type":"product","link":"https:\/\/chapal.fr\/fr\/produit\/pochette-python\/","title":{"rendered":"Pochette Python &#8211; Vintage"},"content":{"rendered":"","protected":false},"excerpt":{"rendered":"<p>Peau de python<br \/>\nCouleur Brun<\/p>\n<p>\u00c9tat : Tr\u00e8s bon \u00e9tat<\/p>\n","protected":false},"featured_media":23394,"template":"","meta":[],"product_cat":[2799],"product_tag":[],"acf":[],"_links":{"self":[{"href":"https:\/\/chapal.fr\/fr\/wp-json\/wp\/v2\/product\/23366"}],"collection":[{"href":"https:\/\/chapal.fr\/fr\/wp-json\/wp\/v2\/product"}],"about":[{"href":"https:\/\/chapal.fr\/fr\/wp-json\/wp\/v2\/types\/product"}],"wp:featuredmedia":[{"embeddable":true,"href":"https:\/\/chapal.fr\/fr\/wp-json\/wp\/v2\/media\/23394"}],"wp:attachment":[{"href":"https:\/\/chapal.fr\/fr\/wp-json\/wp\/v2\/media?parent=23366"}],"wp:term":[{"taxonomy":"product_cat","embeddable":true,"href":"https:\/\/chapal.fr\/fr\/wp-json\/wp\/v2\/product_cat?post=23366"},{"taxonomy":"product_tag","embeddable":true,"href":"https:\/\/chapal.fr\/fr\/wp-json\/wp\/v2\/product_tag?post=23366"}],"curies":[{"name":"wp","href":"https:\/\/api.w.org\/{rel}","templated":true}]}}