{"id":22961,"date":"2021-01-25T15:18:29","date_gmt":"2021-01-25T15:18:29","guid":{"rendered":"https:\/\/chapal.fr\/produit\/manteau-n1-laine\/"},"modified":"2026-04-29T20:45:05","modified_gmt":"2026-04-29T20:45:05","slug":"manteau-n1-vintage-laine-merinos-gris-chapal","status":"publish","type":"product","link":"https:\/\/chapal.fr\/fr\/produit\/manteau-n1-vintage-laine-merinos-gris-chapal\/","title":{"rendered":"Manteau N\u00b01 &#8211; Vintage"},"content":{"rendered":"","protected":false},"excerpt":{"rendered":"<p>Laine M\u00e9rinos <strong><span style=\"font-size: 120%;\"><span style=\"color: #ffffff;\">Manteau N\u00b01 &#8211; Vintage<br \/>\n<\/span><\/span><\/strong>Couleur Gris Anthracite<br \/>\nDoublure en soie &#8211; Couleur rouge<br \/>\nCol en fourrure de lapin d\u00e9tachable &#8211; Origine \u00ab\u00a0Lapin de France\u00a0\u00bb<br \/>\nFermeture par 3 boutons en corozo<\/p>\n<p>\u00c9tat : Tr\u00e8s bon \u00e9tat<\/p>\n","protected":false},"featured_media":22957,"template":"","meta":[],"product_cat":[2799],"product_tag":[],"acf":[],"_links":{"self":[{"href":"https:\/\/chapal.fr\/fr\/wp-json\/wp\/v2\/product\/22961"}],"collection":[{"href":"https:\/\/chapal.fr\/fr\/wp-json\/wp\/v2\/product"}],"about":[{"href":"https:\/\/chapal.fr\/fr\/wp-json\/wp\/v2\/types\/product"}],"wp:featuredmedia":[{"embeddable":true,"href":"https:\/\/chapal.fr\/fr\/wp-json\/wp\/v2\/media\/22957"}],"wp:attachment":[{"href":"https:\/\/chapal.fr\/fr\/wp-json\/wp\/v2\/media?parent=22961"}],"wp:term":[{"taxonomy":"product_cat","embeddable":true,"href":"https:\/\/chapal.fr\/fr\/wp-json\/wp\/v2\/product_cat?post=22961"},{"taxonomy":"product_tag","embeddable":true,"href":"https:\/\/chapal.fr\/fr\/wp-json\/wp\/v2\/product_tag?post=22961"}],"curies":[{"name":"wp","href":"https:\/\/api.w.org\/{rel}","templated":true}]}}