{"id":22937,"date":"2021-01-25T14:34:42","date_gmt":"2021-01-25T14:34:42","guid":{"rendered":"https:\/\/chapal.fr\/produit\/impermeable-denim\/"},"modified":"2026-02-20T19:25:40","modified_gmt":"2026-02-20T19:25:40","slug":"impermeable-version-longue-vintage-toile-denim","status":"publish","type":"product","link":"https:\/\/chapal.fr\/fr\/produit\/impermeable-version-longue-vintage-toile-denim\/","title":{"rendered":"Imperm\u00e9able Version Longue &#8211; Vintage"},"content":{"rendered":"","protected":false},"excerpt":{"rendered":"<p>Toile denim<br \/>\nNon doubl\u00e9<br \/>\nFermeture \u00e0 glissi\u00e8re en laiton &#8211; Riri<\/p>\n<p>\u00c9tat : Tr\u00e8s bon \u00e9tat<\/p>\n","protected":false},"featured_media":22935,"template":"","meta":[],"product_cat":[2799],"product_tag":[],"acf":[],"_links":{"self":[{"href":"https:\/\/chapal.fr\/fr\/wp-json\/wp\/v2\/product\/22937"}],"collection":[{"href":"https:\/\/chapal.fr\/fr\/wp-json\/wp\/v2\/product"}],"about":[{"href":"https:\/\/chapal.fr\/fr\/wp-json\/wp\/v2\/types\/product"}],"wp:featuredmedia":[{"embeddable":true,"href":"https:\/\/chapal.fr\/fr\/wp-json\/wp\/v2\/media\/22935"}],"wp:attachment":[{"href":"https:\/\/chapal.fr\/fr\/wp-json\/wp\/v2\/media?parent=22937"}],"wp:term":[{"taxonomy":"product_cat","embeddable":true,"href":"https:\/\/chapal.fr\/fr\/wp-json\/wp\/v2\/product_cat?post=22937"},{"taxonomy":"product_tag","embeddable":true,"href":"https:\/\/chapal.fr\/fr\/wp-json\/wp\/v2\/product_tag?post=22937"}],"curies":[{"name":"wp","href":"https:\/\/api.w.org\/{rel}","templated":true}]}}