{"id":22864,"date":"2021-01-25T10:34:32","date_gmt":"2021-01-25T10:34:32","guid":{"rendered":"https:\/\/chapal.fr\/produit\/poncho\/"},"modified":"2026-01-09T04:23:56","modified_gmt":"2026-01-09T04:23:56","slug":"poncho-vintage-laine-merinos-bleu-marine-chapal","status":"publish","type":"product","link":"https:\/\/chapal.fr\/fr\/produit\/poncho-vintage-laine-merinos-bleu-marine-chapal\/","title":{"rendered":"Poncho &#8211; Vintage"},"content":{"rendered":"","protected":false},"excerpt":{"rendered":"<p>Laine M\u00e9rinos<br \/>\nCouleur Bleu marine<br \/>\n\u00c9pais col en mouton dor\u00e9 &#8211; couleur brun<\/p>\n<p>\u00c9tat : Tr\u00e8s bon \u00e9tat<\/p>\n","protected":false},"featured_media":22867,"template":"","meta":[],"product_cat":[2799],"product_tag":[],"acf":[],"_links":{"self":[{"href":"https:\/\/chapal.fr\/fr\/wp-json\/wp\/v2\/product\/22864"}],"collection":[{"href":"https:\/\/chapal.fr\/fr\/wp-json\/wp\/v2\/product"}],"about":[{"href":"https:\/\/chapal.fr\/fr\/wp-json\/wp\/v2\/types\/product"}],"wp:featuredmedia":[{"embeddable":true,"href":"https:\/\/chapal.fr\/fr\/wp-json\/wp\/v2\/media\/22867"}],"wp:attachment":[{"href":"https:\/\/chapal.fr\/fr\/wp-json\/wp\/v2\/media?parent=22864"}],"wp:term":[{"taxonomy":"product_cat","embeddable":true,"href":"https:\/\/chapal.fr\/fr\/wp-json\/wp\/v2\/product_cat?post=22864"},{"taxonomy":"product_tag","embeddable":true,"href":"https:\/\/chapal.fr\/fr\/wp-json\/wp\/v2\/product_tag?post=22864"}],"curies":[{"name":"wp","href":"https:\/\/api.w.org\/{rel}","templated":true}]}}