{"id":22713,"date":"2021-01-15T11:59:27","date_gmt":"2021-01-15T11:59:27","guid":{"rendered":"https:\/\/chapal.fr\/produit\/manteau-empire\/"},"modified":"2026-04-29T20:40:39","modified_gmt":"2026-04-29T20:40:39","slug":"manteau-empire-vintage-cuir-glace-brun-chapal","status":"publish","type":"product","link":"https:\/\/chapal.fr\/fr\/produit\/manteau-empire-vintage-cuir-glace-brun-chapal\/","title":{"rendered":"Manteau Empire &#8211; Vintage"},"content":{"rendered":"","protected":false},"excerpt":{"rendered":"<p>Cuir glac\u00e9<br \/>\nCouleur Brun<br \/>\nDoublure en popeline de coton bleu<br \/>\nFermeture par 7 boutons en corozo<\/p>\n<p>\u00c9tat : Tr\u00e8s bon \u00e9tat<\/p>\n","protected":false},"featured_media":22722,"template":"","meta":[],"product_cat":[2799,1315],"product_tag":[],"acf":[],"_links":{"self":[{"href":"https:\/\/chapal.fr\/fr\/wp-json\/wp\/v2\/product\/22713"}],"collection":[{"href":"https:\/\/chapal.fr\/fr\/wp-json\/wp\/v2\/product"}],"about":[{"href":"https:\/\/chapal.fr\/fr\/wp-json\/wp\/v2\/types\/product"}],"wp:featuredmedia":[{"embeddable":true,"href":"https:\/\/chapal.fr\/fr\/wp-json\/wp\/v2\/media\/22722"}],"wp:attachment":[{"href":"https:\/\/chapal.fr\/fr\/wp-json\/wp\/v2\/media?parent=22713"}],"wp:term":[{"taxonomy":"product_cat","embeddable":true,"href":"https:\/\/chapal.fr\/fr\/wp-json\/wp\/v2\/product_cat?post=22713"},{"taxonomy":"product_tag","embeddable":true,"href":"https:\/\/chapal.fr\/fr\/wp-json\/wp\/v2\/product_tag?post=22713"}],"curies":[{"name":"wp","href":"https:\/\/api.w.org\/{rel}","templated":true}]}}