{"id":22670,"date":"2021-01-15T10:45:59","date_gmt":"2021-01-15T10:45:59","guid":{"rendered":"https:\/\/chapal.fr\/produit\/gilet-ecstasy\/"},"modified":"2024-04-29T13:35:20","modified_gmt":"2024-04-29T13:35:20","slug":"gilet-ecstasy","status":"publish","type":"product","link":"https:\/\/chapal.fr\/fr\/produit\/gilet-ecstasy\/","title":{"rendered":"Gilet Ecstasy"},"content":{"rendered":"","protected":false},"excerpt":{"rendered":"<p>Mouton retourn\u00e9 verni<br \/>\nS\u00e9rigraphi\u00e9 \u00e0 la main<\/p>\n","protected":false},"featured_media":22667,"template":"","meta":[],"product_cat":[1316],"product_tag":[],"acf":[],"_links":{"self":[{"href":"https:\/\/chapal.fr\/fr\/wp-json\/wp\/v2\/product\/22670"}],"collection":[{"href":"https:\/\/chapal.fr\/fr\/wp-json\/wp\/v2\/product"}],"about":[{"href":"https:\/\/chapal.fr\/fr\/wp-json\/wp\/v2\/types\/product"}],"wp:featuredmedia":[{"embeddable":true,"href":"https:\/\/chapal.fr\/fr\/wp-json\/wp\/v2\/media\/22667"}],"wp:attachment":[{"href":"https:\/\/chapal.fr\/fr\/wp-json\/wp\/v2\/media?parent=22670"}],"wp:term":[{"taxonomy":"product_cat","embeddable":true,"href":"https:\/\/chapal.fr\/fr\/wp-json\/wp\/v2\/product_cat?post=22670"},{"taxonomy":"product_tag","embeddable":true,"href":"https:\/\/chapal.fr\/fr\/wp-json\/wp\/v2\/product_tag?post=22670"}],"curies":[{"name":"wp","href":"https:\/\/api.w.org\/{rel}","templated":true}]}}