{"id":22418,"date":"2021-01-12T16:43:02","date_gmt":"2021-01-12T16:43:02","guid":{"rendered":"https:\/\/chapal.fr\/produit\/t-shirt-paris-club\/"},"modified":"2024-04-30T11:02:15","modified_gmt":"2024-04-30T11:02:15","slug":"t-shirt-paris-club","status":"publish","type":"product","link":"https:\/\/chapal.fr\/fr\/produit\/t-shirt-paris-club\/","title":{"rendered":"T-shirt Paris Club"},"content":{"rendered":"","protected":false},"excerpt":{"rendered":"<p>Jersey de coton peign\u00e9<br \/>\nS\u00e9rigraphi\u00e9 \u00e0 la main<br \/>\nManches courtes<br \/>\nCol rond<\/p>\n","protected":false},"featured_media":22416,"template":"","meta":[],"product_cat":[1317],"product_tag":[],"acf":[],"_links":{"self":[{"href":"https:\/\/chapal.fr\/fr\/wp-json\/wp\/v2\/product\/22418"}],"collection":[{"href":"https:\/\/chapal.fr\/fr\/wp-json\/wp\/v2\/product"}],"about":[{"href":"https:\/\/chapal.fr\/fr\/wp-json\/wp\/v2\/types\/product"}],"wp:featuredmedia":[{"embeddable":true,"href":"https:\/\/chapal.fr\/fr\/wp-json\/wp\/v2\/media\/22416"}],"wp:attachment":[{"href":"https:\/\/chapal.fr\/fr\/wp-json\/wp\/v2\/media?parent=22418"}],"wp:term":[{"taxonomy":"product_cat","embeddable":true,"href":"https:\/\/chapal.fr\/fr\/wp-json\/wp\/v2\/product_cat?post=22418"},{"taxonomy":"product_tag","embeddable":true,"href":"https:\/\/chapal.fr\/fr\/wp-json\/wp\/v2\/product_tag?post=22418"}],"curies":[{"name":"wp","href":"https:\/\/api.w.org\/{rel}","templated":true}]}}