{"id":19812,"date":"2017-11-24T12:43:27","date_gmt":"2017-11-24T12:43:27","guid":{"rendered":"https:\/\/chapal.fr\/produit\/valise\/"},"modified":"2024-05-21T11:03:16","modified_gmt":"2024-05-21T11:03:16","slug":"valise","status":"publish","type":"product","link":"https:\/\/chapal.fr\/fr\/produit\/valise\/","title":{"rendered":"Valise"},"content":{"rendered":"","protected":false},"excerpt":{"rendered":"<p class=\"p1\">Cuir glac\u00e9<br \/>\nPoign\u00e9es en cuir tann\u00e9 v\u00e9g\u00e9tal &#8211; Point sellier<br \/>\nDoublure en gabardine de coton<br \/>\nFermeture \u00e0 glissi\u00e8re en laiton &#8211; Riri<\/p>\n<p>Dimensions en cm : 64 x 13 x 29<\/p>\n","protected":false},"featured_media":21535,"template":"","meta":[],"product_cat":[1313],"product_tag":[],"acf":[],"_links":{"self":[{"href":"https:\/\/chapal.fr\/fr\/wp-json\/wp\/v2\/product\/19812"}],"collection":[{"href":"https:\/\/chapal.fr\/fr\/wp-json\/wp\/v2\/product"}],"about":[{"href":"https:\/\/chapal.fr\/fr\/wp-json\/wp\/v2\/types\/product"}],"wp:featuredmedia":[{"embeddable":true,"href":"https:\/\/chapal.fr\/fr\/wp-json\/wp\/v2\/media\/21535"}],"wp:attachment":[{"href":"https:\/\/chapal.fr\/fr\/wp-json\/wp\/v2\/media?parent=19812"}],"wp:term":[{"taxonomy":"product_cat","embeddable":true,"href":"https:\/\/chapal.fr\/fr\/wp-json\/wp\/v2\/product_cat?post=19812"},{"taxonomy":"product_tag","embeddable":true,"href":"https:\/\/chapal.fr\/fr\/wp-json\/wp\/v2\/product_tag?post=19812"}],"curies":[{"name":"wp","href":"https:\/\/api.w.org\/{rel}","templated":true}]}}