{"id":19805,"date":"2017-08-16T09:48:27","date_gmt":"2017-08-16T09:48:27","guid":{"rendered":"https:\/\/chapal.fr\/produit\/sac-roppongi\/"},"modified":"2026-01-08T23:32:25","modified_gmt":"2026-01-08T23:32:25","slug":"sac-roppongi-cuir-glace-bandouliere-chapal","status":"publish","type":"product","link":"https:\/\/chapal.fr\/fr\/produit\/sac-roppongi-cuir-glace-bandouliere-chapal\/","title":{"rendered":"Sac Roppongi"},"content":{"rendered":"","protected":false},"excerpt":{"rendered":"<p class=\"p1\">Cuir glac\u00e9<br \/>\nPoign\u00e9es en cuir tann\u00e9 v\u00e9g\u00e9tal<br \/>\nDoublure en gabardine de coton<br \/>\nFermeture \u00e0 glissi\u00e8re en laiton &#8211; Riri<br \/>\nAvec ou sans bandouli\u00e8re<br \/>\nUne poche int\u00e9rieure<\/p>\n<p>Dimensions en cm : 55 x 27 x 30<\/p>\n","protected":false},"featured_media":38813,"template":"","meta":[],"product_cat":[1313],"product_tag":[],"acf":[],"_links":{"self":[{"href":"https:\/\/chapal.fr\/fr\/wp-json\/wp\/v2\/product\/19805"}],"collection":[{"href":"https:\/\/chapal.fr\/fr\/wp-json\/wp\/v2\/product"}],"about":[{"href":"https:\/\/chapal.fr\/fr\/wp-json\/wp\/v2\/types\/product"}],"wp:featuredmedia":[{"embeddable":true,"href":"https:\/\/chapal.fr\/fr\/wp-json\/wp\/v2\/media\/38813"}],"wp:attachment":[{"href":"https:\/\/chapal.fr\/fr\/wp-json\/wp\/v2\/media?parent=19805"}],"wp:term":[{"taxonomy":"product_cat","embeddable":true,"href":"https:\/\/chapal.fr\/fr\/wp-json\/wp\/v2\/product_cat?post=19805"},{"taxonomy":"product_tag","embeddable":true,"href":"https:\/\/chapal.fr\/fr\/wp-json\/wp\/v2\/product_tag?post=19805"}],"curies":[{"name":"wp","href":"https:\/\/api.w.org\/{rel}","templated":true}]}}