{"id":19781,"date":"2017-05-03T16:37:39","date_gmt":"2017-05-03T16:37:39","guid":{"rendered":"https:\/\/chapal.fr\/produit\/cartable\/"},"modified":"2024-05-21T09:57:17","modified_gmt":"2024-05-21T09:57:17","slug":"cartable","status":"publish","type":"product","link":"https:\/\/chapal.fr\/fr\/produit\/cartable\/","title":{"rendered":"Cartable"},"content":{"rendered":"","protected":false},"excerpt":{"rendered":"<p class=\"p1\">Cuir tann\u00e9 v\u00e9g\u00e9tal<br \/>\nFermeture par boucle en laiton<br \/>\nPoign\u00e9e en cuir tann\u00e9 v\u00e9g\u00e9tal &#8211; Point sellier<\/p>\n<p>Dimensions en cm : 41,5 x 32 x 10<\/p>\n","protected":false},"featured_media":23446,"template":"","meta":[],"product_cat":[1313],"product_tag":[],"acf":[],"_links":{"self":[{"href":"https:\/\/chapal.fr\/fr\/wp-json\/wp\/v2\/product\/19781"}],"collection":[{"href":"https:\/\/chapal.fr\/fr\/wp-json\/wp\/v2\/product"}],"about":[{"href":"https:\/\/chapal.fr\/fr\/wp-json\/wp\/v2\/types\/product"}],"wp:featuredmedia":[{"embeddable":true,"href":"https:\/\/chapal.fr\/fr\/wp-json\/wp\/v2\/media\/23446"}],"wp:attachment":[{"href":"https:\/\/chapal.fr\/fr\/wp-json\/wp\/v2\/media?parent=19781"}],"wp:term":[{"taxonomy":"product_cat","embeddable":true,"href":"https:\/\/chapal.fr\/fr\/wp-json\/wp\/v2\/product_cat?post=19781"},{"taxonomy":"product_tag","embeddable":true,"href":"https:\/\/chapal.fr\/fr\/wp-json\/wp\/v2\/product_tag?post=19781"}],"curies":[{"name":"wp","href":"https:\/\/api.w.org\/{rel}","templated":true}]}}