{"id":19754,"date":"2017-05-15T11:25:49","date_gmt":"2017-05-15T11:25:49","guid":{"rendered":"https:\/\/chapal.fr\/produit\/ceinture-classique\/"},"modified":"2024-04-29T15:32:17","modified_gmt":"2024-04-29T15:32:17","slug":"ceinture-boucle-ronde","status":"publish","type":"product","link":"https:\/\/chapal.fr\/fr\/produit\/ceinture-boucle-ronde\/","title":{"rendered":"Ceinture Boucle Ronde"},"content":{"rendered":"","protected":false},"excerpt":{"rendered":"<p class=\"p1\">Cuir tann\u00e9 v\u00e9g\u00e9tal<br \/>\nBoucle en laiton<\/p>\n","protected":false},"featured_media":21569,"template":"","meta":[],"product_cat":[1444],"product_tag":[],"acf":[],"_links":{"self":[{"href":"https:\/\/chapal.fr\/fr\/wp-json\/wp\/v2\/product\/19754"}],"collection":[{"href":"https:\/\/chapal.fr\/fr\/wp-json\/wp\/v2\/product"}],"about":[{"href":"https:\/\/chapal.fr\/fr\/wp-json\/wp\/v2\/types\/product"}],"wp:featuredmedia":[{"embeddable":true,"href":"https:\/\/chapal.fr\/fr\/wp-json\/wp\/v2\/media\/21569"}],"wp:attachment":[{"href":"https:\/\/chapal.fr\/fr\/wp-json\/wp\/v2\/media?parent=19754"}],"wp:term":[{"taxonomy":"product_cat","embeddable":true,"href":"https:\/\/chapal.fr\/fr\/wp-json\/wp\/v2\/product_cat?post=19754"},{"taxonomy":"product_tag","embeddable":true,"href":"https:\/\/chapal.fr\/fr\/wp-json\/wp\/v2\/product_tag?post=19754"}],"curies":[{"name":"wp","href":"https:\/\/api.w.org\/{rel}","templated":true}]}}