{"id":19734,"date":"2017-11-24T14:51:57","date_gmt":"2017-11-24T14:51:57","guid":{"rendered":"https:\/\/chapal.fr\/produit\/masque-1960\/"},"modified":"2024-04-30T15:50:44","modified_gmt":"2024-04-30T15:50:44","slug":"masque-1960","status":"publish","type":"product","link":"https:\/\/chapal.fr\/fr\/produit\/masque-1960\/","title":{"rendered":"Masque 1960"},"content":{"rendered":"","protected":false},"excerpt":{"rendered":"<p class=\"p1\">Ecran polycarbonate<br \/>\nCuir v\u00e9g\u00e9tal cousu \u00e0 la main<\/p>\n","protected":false},"featured_media":21797,"template":"","meta":[],"product_cat":[1314],"product_tag":[],"acf":[],"_links":{"self":[{"href":"https:\/\/chapal.fr\/fr\/wp-json\/wp\/v2\/product\/19734"}],"collection":[{"href":"https:\/\/chapal.fr\/fr\/wp-json\/wp\/v2\/product"}],"about":[{"href":"https:\/\/chapal.fr\/fr\/wp-json\/wp\/v2\/types\/product"}],"wp:featuredmedia":[{"embeddable":true,"href":"https:\/\/chapal.fr\/fr\/wp-json\/wp\/v2\/media\/21797"}],"wp:attachment":[{"href":"https:\/\/chapal.fr\/fr\/wp-json\/wp\/v2\/media?parent=19734"}],"wp:term":[{"taxonomy":"product_cat","embeddable":true,"href":"https:\/\/chapal.fr\/fr\/wp-json\/wp\/v2\/product_cat?post=19734"},{"taxonomy":"product_tag","embeddable":true,"href":"https:\/\/chapal.fr\/fr\/wp-json\/wp\/v2\/product_tag?post=19734"}],"curies":[{"name":"wp","href":"https:\/\/api.w.org\/{rel}","templated":true}]}}