{"id":19696,"date":"2017-05-03T15:20:40","date_gmt":"2017-05-03T15:20:40","guid":{"rendered":"https:\/\/chapal.fr\/produit\/visiere-1950\/"},"modified":"2024-05-22T14:48:21","modified_gmt":"2024-05-22T14:48:21","slug":"visiere-1950","status":"publish","type":"product","link":"https:\/\/chapal.fr\/fr\/produit\/visiere-1950\/","title":{"rendered":"Visi\u00e8re 1950"},"content":{"rendered":"","protected":false},"excerpt":{"rendered":"<p class=\"p1\">Ecran polycarbonate<br \/>\nCuir tann\u00e9 v\u00e9g\u00e9tal cousu \u00e0 la main<\/p>\n","protected":false},"featured_media":21825,"template":"","meta":[],"product_cat":[1310],"product_tag":[],"acf":[],"_links":{"self":[{"href":"https:\/\/chapal.fr\/fr\/wp-json\/wp\/v2\/product\/19696"}],"collection":[{"href":"https:\/\/chapal.fr\/fr\/wp-json\/wp\/v2\/product"}],"about":[{"href":"https:\/\/chapal.fr\/fr\/wp-json\/wp\/v2\/types\/product"}],"wp:featuredmedia":[{"embeddable":true,"href":"https:\/\/chapal.fr\/fr\/wp-json\/wp\/v2\/media\/21825"}],"wp:attachment":[{"href":"https:\/\/chapal.fr\/fr\/wp-json\/wp\/v2\/media?parent=19696"}],"wp:term":[{"taxonomy":"product_cat","embeddable":true,"href":"https:\/\/chapal.fr\/fr\/wp-json\/wp\/v2\/product_cat?post=19696"},{"taxonomy":"product_tag","embeddable":true,"href":"https:\/\/chapal.fr\/fr\/wp-json\/wp\/v2\/product_tag?post=19696"}],"curies":[{"name":"wp","href":"https:\/\/api.w.org\/{rel}","templated":true}]}}