{"id":19671,"date":"2020-07-31T10:44:28","date_gmt":"2020-07-31T10:44:28","guid":{"rendered":"https:\/\/chapal.fr\/produit\/casque-1950-3\/"},"modified":"2024-05-22T14:02:21","modified_gmt":"2024-05-22T14:02:21","slug":"casque-1950-peint","status":"publish","type":"product","link":"https:\/\/chapal.fr\/fr\/produit\/casque-1950-peint\/","title":{"rendered":"Casque 1950"},"content":{"rendered":"","protected":false},"excerpt":{"rendered":"<p class=\"p1\">Coque en fibre de verre et r\u00e9sine<br \/>\nInt\u00e9rieur et propret\u00e9 en cuir glac\u00e9<br \/>\nBoucles en laiton<\/p>\n<p>Non homologu\u00e9<\/p>\n","protected":false},"featured_media":21813,"template":"","meta":[],"product_cat":[1310],"product_tag":[],"acf":[],"_links":{"self":[{"href":"https:\/\/chapal.fr\/fr\/wp-json\/wp\/v2\/product\/19671"}],"collection":[{"href":"https:\/\/chapal.fr\/fr\/wp-json\/wp\/v2\/product"}],"about":[{"href":"https:\/\/chapal.fr\/fr\/wp-json\/wp\/v2\/types\/product"}],"wp:featuredmedia":[{"embeddable":true,"href":"https:\/\/chapal.fr\/fr\/wp-json\/wp\/v2\/media\/21813"}],"wp:attachment":[{"href":"https:\/\/chapal.fr\/fr\/wp-json\/wp\/v2\/media?parent=19671"}],"wp:term":[{"taxonomy":"product_cat","embeddable":true,"href":"https:\/\/chapal.fr\/fr\/wp-json\/wp\/v2\/product_cat?post=19671"},{"taxonomy":"product_tag","embeddable":true,"href":"https:\/\/chapal.fr\/fr\/wp-json\/wp\/v2\/product_tag?post=19671"}],"curies":[{"name":"wp","href":"https:\/\/api.w.org\/{rel}","templated":true}]}}