{"id":19646,"date":"2017-05-03T12:37:21","date_gmt":"2017-05-03T12:37:21","guid":{"rendered":"https:\/\/chapal.fr\/produit\/casque-1960-bb\/"},"modified":"2024-05-22T14:20:15","modified_gmt":"2024-05-22T14:20:15","slug":"casque-bb-1960","status":"publish","type":"product","link":"https:\/\/chapal.fr\/fr\/produit\/casque-bb-1960\/","title":{"rendered":"Casque BB 1960"},"content":{"rendered":"","protected":false},"excerpt":{"rendered":"<p class=\"p1\">Coque en fibre de verre et r\u00e9sine<br \/>\nInt\u00e9rieur en mousse \u00e0 m\u00e9moire de forme<br \/>\nPropret\u00e9 en cuir glac\u00e9<br \/>\nAnneaux en laiton<br \/>\nNon certifi\u00e9 ECE<\/p>\n","protected":false},"featured_media":21841,"template":"","meta":[],"product_cat":[1310],"product_tag":[],"acf":[],"_links":{"self":[{"href":"https:\/\/chapal.fr\/fr\/wp-json\/wp\/v2\/product\/19646"}],"collection":[{"href":"https:\/\/chapal.fr\/fr\/wp-json\/wp\/v2\/product"}],"about":[{"href":"https:\/\/chapal.fr\/fr\/wp-json\/wp\/v2\/types\/product"}],"wp:featuredmedia":[{"embeddable":true,"href":"https:\/\/chapal.fr\/fr\/wp-json\/wp\/v2\/media\/21841"}],"wp:attachment":[{"href":"https:\/\/chapal.fr\/fr\/wp-json\/wp\/v2\/media?parent=19646"}],"wp:term":[{"taxonomy":"product_cat","embeddable":true,"href":"https:\/\/chapal.fr\/fr\/wp-json\/wp\/v2\/product_cat?post=19646"},{"taxonomy":"product_tag","embeddable":true,"href":"https:\/\/chapal.fr\/fr\/wp-json\/wp\/v2\/product_tag?post=19646"}],"curies":[{"name":"wp","href":"https:\/\/api.w.org\/{rel}","templated":true}]}}