{"id":19641,"date":"2017-08-11T17:50:10","date_gmt":"2017-08-11T17:50:10","guid":{"rendered":"https:\/\/chapal.fr\/produit\/casque-1950-2\/"},"modified":"2024-05-22T13:55:05","modified_gmt":"2024-05-22T13:55:05","slug":"casque-1950-toile-et-resine","status":"publish","type":"product","link":"https:\/\/chapal.fr\/fr\/produit\/casque-1950-toile-et-resine\/","title":{"rendered":"Casque 1950"},"content":{"rendered":"","protected":false},"excerpt":{"rendered":"<p class=\"p1\">Coque en fibre de verre et r\u00e9sine<br \/>\nInt\u00e9rieur et propret\u00e9 en cuir glac\u00e9 et gabardine de coton<br \/>\n<span class=\"s1\">B<\/span>oucles en laiton<\/p>\n<p>Non homologu\u00e9<\/p>\n","protected":false},"featured_media":21807,"template":"","meta":[],"product_cat":[1310],"product_tag":[],"acf":[],"_links":{"self":[{"href":"https:\/\/chapal.fr\/fr\/wp-json\/wp\/v2\/product\/19641"}],"collection":[{"href":"https:\/\/chapal.fr\/fr\/wp-json\/wp\/v2\/product"}],"about":[{"href":"https:\/\/chapal.fr\/fr\/wp-json\/wp\/v2\/types\/product"}],"wp:featuredmedia":[{"embeddable":true,"href":"https:\/\/chapal.fr\/fr\/wp-json\/wp\/v2\/media\/21807"}],"wp:attachment":[{"href":"https:\/\/chapal.fr\/fr\/wp-json\/wp\/v2\/media?parent=19641"}],"wp:term":[{"taxonomy":"product_cat","embeddable":true,"href":"https:\/\/chapal.fr\/fr\/wp-json\/wp\/v2\/product_cat?post=19641"},{"taxonomy":"product_tag","embeddable":true,"href":"https:\/\/chapal.fr\/fr\/wp-json\/wp\/v2\/product_tag?post=19641"}],"curies":[{"name":"wp","href":"https:\/\/api.w.org\/{rel}","templated":true}]}}