{"id":19637,"date":"2017-05-03T12:56:04","date_gmt":"2017-05-03T12:56:04","guid":{"rendered":"https:\/\/chapal.fr\/produit\/casque-1950\/"},"modified":"2024-05-22T13:52:03","modified_gmt":"2024-05-22T13:52:03","slug":"casque-1950-gaine-cuir","status":"publish","type":"product","link":"https:\/\/chapal.fr\/fr\/produit\/casque-1950-gaine-cuir\/","title":{"rendered":"Casque 1950"},"content":{"rendered":"","protected":false},"excerpt":{"rendered":"<p class=\"p1\">Coque en fibre de verre et r\u00e9sine<br \/>\nInt\u00e9rieur et propret\u00e9 en cuir glac\u00e9<br \/>\nBoucles en laiton<\/p>\n<p>Non homologu\u00e9<\/p>\n","protected":false},"featured_media":21821,"template":"","meta":[],"product_cat":[1310],"product_tag":[],"acf":[],"_links":{"self":[{"href":"https:\/\/chapal.fr\/fr\/wp-json\/wp\/v2\/product\/19637"}],"collection":[{"href":"https:\/\/chapal.fr\/fr\/wp-json\/wp\/v2\/product"}],"about":[{"href":"https:\/\/chapal.fr\/fr\/wp-json\/wp\/v2\/types\/product"}],"wp:featuredmedia":[{"embeddable":true,"href":"https:\/\/chapal.fr\/fr\/wp-json\/wp\/v2\/media\/21821"}],"wp:attachment":[{"href":"https:\/\/chapal.fr\/fr\/wp-json\/wp\/v2\/media?parent=19637"}],"wp:term":[{"taxonomy":"product_cat","embeddable":true,"href":"https:\/\/chapal.fr\/fr\/wp-json\/wp\/v2\/product_cat?post=19637"},{"taxonomy":"product_tag","embeddable":true,"href":"https:\/\/chapal.fr\/fr\/wp-json\/wp\/v2\/product_tag?post=19637"}],"curies":[{"name":"wp","href":"https:\/\/api.w.org\/{rel}","templated":true}]}}