{"id":19570,"date":"2020-09-11T07:22:20","date_gmt":"2020-09-11T07:22:20","guid":{"rendered":"https:\/\/chapal.fr\/produit\/t-shirt-code\/"},"modified":"2024-04-30T10:30:30","modified_gmt":"2024-04-30T10:30:30","slug":"t-shirt-code","status":"publish","type":"product","link":"https:\/\/chapal.fr\/fr\/produit\/t-shirt-code\/","title":{"rendered":"T-shirt Code"},"content":{"rendered":"","protected":false},"excerpt":{"rendered":"<p>Jersey de coton peign\u00e9<br \/>\nS\u00e9rigraphi\u00e9 \u00e0 la main<br \/>\nManches courtes<br \/>\nCol rond<\/p>\n","protected":false},"featured_media":22119,"template":"","meta":[],"product_cat":[1317],"product_tag":[],"acf":[],"_links":{"self":[{"href":"https:\/\/chapal.fr\/fr\/wp-json\/wp\/v2\/product\/19570"}],"collection":[{"href":"https:\/\/chapal.fr\/fr\/wp-json\/wp\/v2\/product"}],"about":[{"href":"https:\/\/chapal.fr\/fr\/wp-json\/wp\/v2\/types\/product"}],"wp:featuredmedia":[{"embeddable":true,"href":"https:\/\/chapal.fr\/fr\/wp-json\/wp\/v2\/media\/22119"}],"wp:attachment":[{"href":"https:\/\/chapal.fr\/fr\/wp-json\/wp\/v2\/media?parent=19570"}],"wp:term":[{"taxonomy":"product_cat","embeddable":true,"href":"https:\/\/chapal.fr\/fr\/wp-json\/wp\/v2\/product_cat?post=19570"},{"taxonomy":"product_tag","embeddable":true,"href":"https:\/\/chapal.fr\/fr\/wp-json\/wp\/v2\/product_tag?post=19570"}],"curies":[{"name":"wp","href":"https:\/\/api.w.org\/{rel}","templated":true}]}}