{"id":19237,"date":"2019-01-11T11:59:15","date_gmt":"2019-01-11T11:59:15","guid":{"rendered":"https:\/\/chapal.fr\/produit\/1965\/"},"modified":"2026-05-11T20:22:30","modified_gmt":"2026-05-11T20:22:30","slug":"veste-1965-vintage-mouton-envers-daim-chapal","status":"publish","type":"product","link":"https:\/\/chapal.fr\/fr\/produit\/veste-1965-vintage-mouton-envers-daim-chapal\/","title":{"rendered":"Veste 1965 &#8211; Vintage"},"content":{"rendered":"","protected":false},"excerpt":{"rendered":"<p class=\"p1\">Envers daim<br \/>\nFermeture par 3 boutons en corne<\/p>\n<p>\u00c9tat : Tr\u00e8s bon \u00e9tat<\/p>\n","protected":false},"featured_media":20578,"template":"","meta":[],"product_cat":[2799],"product_tag":[],"acf":[],"_links":{"self":[{"href":"https:\/\/chapal.fr\/fr\/wp-json\/wp\/v2\/product\/19237"}],"collection":[{"href":"https:\/\/chapal.fr\/fr\/wp-json\/wp\/v2\/product"}],"about":[{"href":"https:\/\/chapal.fr\/fr\/wp-json\/wp\/v2\/types\/product"}],"wp:featuredmedia":[{"embeddable":true,"href":"https:\/\/chapal.fr\/fr\/wp-json\/wp\/v2\/media\/20578"}],"wp:attachment":[{"href":"https:\/\/chapal.fr\/fr\/wp-json\/wp\/v2\/media?parent=19237"}],"wp:term":[{"taxonomy":"product_cat","embeddable":true,"href":"https:\/\/chapal.fr\/fr\/wp-json\/wp\/v2\/product_cat?post=19237"},{"taxonomy":"product_tag","embeddable":true,"href":"https:\/\/chapal.fr\/fr\/wp-json\/wp\/v2\/product_tag?post=19237"}],"curies":[{"name":"wp","href":"https:\/\/api.w.org\/{rel}","templated":true}]}}