{"id":19211,"date":"2019-11-26T16:22:15","date_gmt":"2019-11-26T16:22:15","guid":{"rendered":"https:\/\/chapal.fr\/produit\/1914-laine-bouillie\/"},"modified":"2026-04-29T14:41:54","modified_gmt":"2026-04-29T14:41:54","slug":"veste-1914-vintage-laine-merinos-bleu-chapal","status":"publish","type":"product","link":"https:\/\/chapal.fr\/fr\/produit\/veste-1914-vintage-laine-merinos-bleu-chapal\/","title":{"rendered":"Veste 1914 &#8211; Vintage"},"content":{"rendered":"","protected":false},"excerpt":{"rendered":"<p class=\"p1\">Laine M\u00e9rinos<br \/>\nCouleur Bleu<br \/>\nDoublure en popeline de coton dor\u00e9e<br \/>\nCol d\u00e9tachable en mouton dor\u00e9<br \/>\nFermeture par 6 boutons en corne<\/p>\n<p>\u00c9tat : Tr\u00e8s bon \u00e9tat<\/p>\n","protected":false},"featured_media":20564,"template":"","meta":[],"product_cat":[2799],"product_tag":[],"acf":[],"_links":{"self":[{"href":"https:\/\/chapal.fr\/fr\/wp-json\/wp\/v2\/product\/19211"}],"collection":[{"href":"https:\/\/chapal.fr\/fr\/wp-json\/wp\/v2\/product"}],"about":[{"href":"https:\/\/chapal.fr\/fr\/wp-json\/wp\/v2\/types\/product"}],"wp:featuredmedia":[{"embeddable":true,"href":"https:\/\/chapal.fr\/fr\/wp-json\/wp\/v2\/media\/20564"}],"wp:attachment":[{"href":"https:\/\/chapal.fr\/fr\/wp-json\/wp\/v2\/media?parent=19211"}],"wp:term":[{"taxonomy":"product_cat","embeddable":true,"href":"https:\/\/chapal.fr\/fr\/wp-json\/wp\/v2\/product_cat?post=19211"},{"taxonomy":"product_tag","embeddable":true,"href":"https:\/\/chapal.fr\/fr\/wp-json\/wp\/v2\/product_tag?post=19211"}],"curies":[{"name":"wp","href":"https:\/\/api.w.org\/{rel}","templated":true}]}}