{"id":19192,"date":"2017-08-08T14:02:32","date_gmt":"2017-08-08T14:02:32","guid":{"rendered":"https:\/\/chapal.fr\/produit\/portobello\/"},"modified":"2026-04-29T21:03:06","modified_gmt":"2026-04-29T21:03:06","slug":"portobello-vintage-cuir-glace-doublure-soie","status":"publish","type":"product","link":"https:\/\/chapal.fr\/fr\/produit\/portobello-vintage-cuir-glace-doublure-soie\/","title":{"rendered":"Portobello &#8211; Vintage"},"content":{"rendered":"","protected":false},"excerpt":{"rendered":"<p class=\"p1\">Cuir glac\u00e9<br \/>\nCouleur Noir<br \/>\nDoublure en soie beige<br \/>\nFermetures \u00e0 glissi\u00e8re en laiton &#8211; Riri<\/p>\n<p>\u00c9tat : Tr\u00e8s bon \u00e9tat<\/p>\n","protected":false},"featured_media":20448,"template":"","meta":[],"product_cat":[2799],"product_tag":[],"acf":[],"_links":{"self":[{"href":"https:\/\/chapal.fr\/fr\/wp-json\/wp\/v2\/product\/19192"}],"collection":[{"href":"https:\/\/chapal.fr\/fr\/wp-json\/wp\/v2\/product"}],"about":[{"href":"https:\/\/chapal.fr\/fr\/wp-json\/wp\/v2\/types\/product"}],"wp:featuredmedia":[{"embeddable":true,"href":"https:\/\/chapal.fr\/fr\/wp-json\/wp\/v2\/media\/20448"}],"wp:attachment":[{"href":"https:\/\/chapal.fr\/fr\/wp-json\/wp\/v2\/media?parent=19192"}],"wp:term":[{"taxonomy":"product_cat","embeddable":true,"href":"https:\/\/chapal.fr\/fr\/wp-json\/wp\/v2\/product_cat?post=19192"},{"taxonomy":"product_tag","embeddable":true,"href":"https:\/\/chapal.fr\/fr\/wp-json\/wp\/v2\/product_tag?post=19192"}],"curies":[{"name":"wp","href":"https:\/\/api.w.org\/{rel}","templated":true}]}}