{"id":19183,"date":"2017-08-08T16:15:18","date_gmt":"2017-08-08T16:15:18","guid":{"rendered":"https:\/\/chapal.fr\/produit\/brooklyn-notch\/"},"modified":"2026-05-01T16:08:36","modified_gmt":"2026-05-01T16:08:36","slug":"brooklyn-notch-vintage-cuir-plonge-noir-chapal","status":"publish","type":"product","link":"https:\/\/chapal.fr\/fr\/produit\/brooklyn-notch-vintage-cuir-plonge-noir-chapal\/","title":{"rendered":"Brooklyn Notch &#8211; Vintage"},"content":{"rendered":"","protected":false},"excerpt":{"rendered":"<p class=\"p1\">Cuir plong\u00e9<br \/>\nCouleur Noir<br \/>\nDoublure en soie dor\u00e9e<br \/>\nFermetures \u00e0 glissi\u00e8re en laiton &#8211; Riri<\/p>\n<p>\u00c9tat : Tr\u00e8s bon \u00e9tat<\/p>\n","protected":false},"featured_media":23542,"template":"","meta":[],"product_cat":[2799],"product_tag":[],"acf":[],"_links":{"self":[{"href":"https:\/\/chapal.fr\/fr\/wp-json\/wp\/v2\/product\/19183"}],"collection":[{"href":"https:\/\/chapal.fr\/fr\/wp-json\/wp\/v2\/product"}],"about":[{"href":"https:\/\/chapal.fr\/fr\/wp-json\/wp\/v2\/types\/product"}],"wp:featuredmedia":[{"embeddable":true,"href":"https:\/\/chapal.fr\/fr\/wp-json\/wp\/v2\/media\/23542"}],"wp:attachment":[{"href":"https:\/\/chapal.fr\/fr\/wp-json\/wp\/v2\/media?parent=19183"}],"wp:term":[{"taxonomy":"product_cat","embeddable":true,"href":"https:\/\/chapal.fr\/fr\/wp-json\/wp\/v2\/product_cat?post=19183"},{"taxonomy":"product_tag","embeddable":true,"href":"https:\/\/chapal.fr\/fr\/wp-json\/wp\/v2\/product_tag?post=19183"}],"curies":[{"name":"wp","href":"https:\/\/api.w.org\/{rel}","templated":true}]}}