{"id":19177,"date":"2017-04-19T10:32:14","date_gmt":"2017-04-19T10:32:14","guid":{"rendered":"https:\/\/chapal.fr\/produit\/brooklyn-disco\/"},"modified":"2026-04-28T21:55:04","modified_gmt":"2026-04-28T21:55:04","slug":"brooklyn-disco-vintage-cuir-plonge-chapal","status":"publish","type":"product","link":"https:\/\/chapal.fr\/fr\/produit\/brooklyn-disco-vintage-cuir-plonge-chapal\/","title":{"rendered":"Brooklyn Disco &#8211; Vintage"},"content":{"rendered":"","protected":false},"excerpt":{"rendered":"<p class=\"p1\">Cuir plong\u00e9<br \/>\nCouleur Noir<br \/>\nDoublure en soie dor\u00e9e<br \/>\nFermeture \u00e0 glissi\u00e8re en laiton &#8211; Riri<\/p>\n<p>\u00c9tat : Tr\u00e8s bon \u00e9tat<\/p>\n","protected":false},"featured_media":20386,"template":"","meta":[],"product_cat":[2799],"product_tag":[],"acf":[],"_links":{"self":[{"href":"https:\/\/chapal.fr\/fr\/wp-json\/wp\/v2\/product\/19177"}],"collection":[{"href":"https:\/\/chapal.fr\/fr\/wp-json\/wp\/v2\/product"}],"about":[{"href":"https:\/\/chapal.fr\/fr\/wp-json\/wp\/v2\/types\/product"}],"wp:featuredmedia":[{"embeddable":true,"href":"https:\/\/chapal.fr\/fr\/wp-json\/wp\/v2\/media\/20386"}],"wp:attachment":[{"href":"https:\/\/chapal.fr\/fr\/wp-json\/wp\/v2\/media?parent=19177"}],"wp:term":[{"taxonomy":"product_cat","embeddable":true,"href":"https:\/\/chapal.fr\/fr\/wp-json\/wp\/v2\/product_cat?post=19177"},{"taxonomy":"product_tag","embeddable":true,"href":"https:\/\/chapal.fr\/fr\/wp-json\/wp\/v2\/product_tag?post=19177"}],"curies":[{"name":"wp","href":"https:\/\/api.w.org\/{rel}","templated":true}]}}