{"id":37916,"date":"2024-12-20T08:11:39","date_gmt":"2024-12-20T08:11:39","guid":{"rendered":"https:\/\/chapal.fr\/?page_id=37916"},"modified":"2026-04-15T18:17:17","modified_gmt":"2026-04-15T18:17:17","slug":"home-new","status":"publish","type":"page","link":"https:\/\/chapal.fr\/fr\/","title":{"rendered":"Home"},"content":{"rendered":"<div class=\"slider-wrapper relative\" id=\"slider-81655756\" >\n    <div class=\"slider slider-nav-circle slider-nav-large slider-nav-light slider-style-normal\"\n        data-flickity-options='{\n            \"cellAlign\": \"center\",\n            \"imagesLoaded\": true,\n            \"lazyLoad\": 1,\n            \"freeScroll\": false,\n            \"wrapAround\": true,\n            \"autoPlay\": 6000,\n            \"pauseAutoPlayOnHover\" : true,\n            \"prevNextButtons\": true,\n            \"contain\" : true,\n            \"adaptiveHeight\" : true,\n            \"dragThreshold\" : 10,\n            \"percentPosition\": true,\n            \"pageDots\": true,\n            \"rightToLeft\": false,\n            \"draggable\": true,\n            \"selectedAttraction\": 0.1,\n            \"parallax\" : 0,\n            \"friction\": 0.6        }'\n        >\n        \n\n  <div class=\"banner has-hover is-full-height\" id=\"banner-799325202\">\n          <div class=\"banner-inner fill\">\n        <div class=\"banner-bg fill\" >\n            <img loading=\"lazy\" decoding=\"async\" width=\"1366\" height=\"2048\" src=\"https:\/\/chapal.fr\/wp-content\/uploads\/2026\/04\/IMG_8916.jpeg\" class=\"bg attachment-original size-original\" alt=\"\" \/>                                    \n                    <\/div>\n\t\t\n        <div class=\"banner-layers container\">\n            <div class=\"fill banner-link\"><\/div>            \n   <div id=\"text-box-1374265386\" class=\"text-box banner-layer x50 md-x50 lg-x50 y95 md-y95 lg-y95 res-text\">\n                                <div class=\"text-box-content text dark\">\n              \n              <div class=\"text-inner text-center\">\n                  \n<h3 style=\"text-align: center; font-weight: 900; line-height: 25px; font-size: 24px;\">L&rsquo;ESPRIT DE RALLYE<\/h3>\n<p><strong><span style=\"font-size: 110%;\">Entre h\u00e9ritage et performance<br \/><\/span><\/strong><\/p>\n              <\/div>\n           <\/div>\n                            \n<style>\n#text-box-1374265386 {\n  width: 95%;\n}\n#text-box-1374265386 .text-box-content {\n  font-size: 100%;\n}\n@media (min-width:550px) {\n  #text-box-1374265386 {\n    width: 65%;\n  }\n}\n<\/style>\n    <\/div>\n \n        <\/div>\n      <\/div>\n\n            \n<style>\n#banner-799325202 {\n  padding-top: 100%;\n  background-color: rgb(0,0,0);\n}\n#banner-799325202 .banner-bg img {\n  object-position: 100% 25%;\n}\n<\/style>\n  <\/div>\n\n\n\n  <div class=\"banner has-hover is-full-height\" id=\"banner-979974457\">\n          <div class=\"banner-inner fill\">\n        <div class=\"banner-bg fill\" >\n            <img loading=\"lazy\" decoding=\"async\" width=\"1440\" height=\"2560\" src=\"https:\/\/chapal.fr\/wp-content\/uploads\/2026\/04\/Fabrication-Personnalisation-1-scaled.jpg\" class=\"bg attachment-original size-original\" alt=\"\" \/>                                    \n                    <\/div>\n\t\t\n        <div class=\"banner-layers container\">\n            <div class=\"fill banner-link\"><\/div>            \n   <div id=\"text-box-206689559\" class=\"text-box banner-layer x50 md-x50 lg-x50 y95 md-y95 lg-y95 res-text\">\n                                <div class=\"text-box-content text dark\">\n              \n              <div class=\"text-inner text-center\">\n                  \n<h3 style=\"text-align: center; font-weight: 900; line-height: 25px; font-size: 24px;\">PENS\u00c9ES POUR LA CONDUITE<\/h3>\n<p><strong><span style=\"font-size: 110%;\">Des tenues enti\u00e8rement sur-mesure,<br \/>fabriqu\u00e9es au sein de la Manufacture CHAPAL<br \/><\/span><\/strong><\/p>\n              <\/div>\n           <\/div>\n                            \n<style>\n#text-box-206689559 {\n  width: 95%;\n}\n#text-box-206689559 .text-box-content {\n  font-size: 100%;\n}\n@media (min-width:550px) {\n  #text-box-206689559 {\n    width: 65%;\n  }\n}\n<\/style>\n    <\/div>\n \n        <\/div>\n      <\/div>\n\n            \n<style>\n#banner-979974457 {\n  padding-top: 100%;\n  background-color: rgb(0,0,0);\n}\n#banner-979974457 .banner-bg img {\n  object-position: 50% 48%;\n}\n<\/style>\n  <\/div>\n\n\n\n  <div class=\"banner has-hover is-full-height\" id=\"banner-1750603538\">\n          <div class=\"banner-inner fill\">\n        <div class=\"banner-bg fill\" >\n            <img loading=\"lazy\" decoding=\"async\" width=\"1772\" height=\"1181\" src=\"https:\/\/chapal.fr\/wp-content\/uploads\/2026\/04\/IMG_7427.jpg\" class=\"bg attachment-original size-original\" alt=\"\" \/>                                    \n                    <\/div>\n\t\t\n        <div class=\"banner-layers container\">\n            <div class=\"fill banner-link\"><\/div>            \n   <div id=\"text-box-1005754407\" class=\"text-box banner-layer x50 md-x50 lg-x50 y95 md-y95 lg-y95 res-text\">\n                                <div class=\"text-box-content text dark\">\n              \n              <div class=\"text-inner text-center\">\n                  \n<h3 style=\"text-align: center; font-weight: 900; line-height: 25px; font-size: 24px;\">UNE APPROCHE PERSONNELLE<\/h3>\n<p><strong><span style=\"font-size: 110%;\">Un essayage d\u00e9di\u00e9 et pens\u00e9 pour votre tenue de rallye<br \/><\/span><\/strong><\/p>\n<a href=\"mailto:boutique@chapal.fr\" target=\"_blank\" class=\"button white is-outline\" rel=\"noopener\"  style=\"border-radius:10px;\">\n\t\t<span>Prendre un rendez-vous<\/span>\n\t<\/a>\n\n              <\/div>\n           <\/div>\n                            \n<style>\n#text-box-1005754407 {\n  width: 71%;\n}\n#text-box-1005754407 .text-box-content {\n  font-size: 100%;\n}\n@media (min-width:550px) {\n  #text-box-1005754407 {\n    width: 65%;\n  }\n}\n<\/style>\n    <\/div>\n \n        <\/div>\n      <\/div>\n\n            \n<style>\n#banner-1750603538 {\n  padding-top: 100%;\n  background-color: rgb(0,0,0);\n}\n#banner-1750603538 .banner-bg img {\n  object-position: 70% 0%;\n}\n<\/style>\n  <\/div>\n\n\n\n  <div class=\"banner has-hover has-video is-full-height\" id=\"banner-177323733\">\n          <div class=\"banner-inner fill\">\n        <div class=\"banner-bg fill\" >\n                        \t<div class=\"video-overlay no-click fill visible\"><\/div>\n\t<video class=\"video-bg fill visible\" preload playsinline autoplay muted loop>\n\t\t<source src=\"https:\/\/chapal.fr\/wp-content\/uploads\/2023\/07\/CHAPAL-USAAF-V2-Small-Compressed2.mp4\" type=\"video\/mp4\">\t<\/video>\n                        \n                    <\/div>\n\t\t\n        <div class=\"banner-layers container\">\n            <div class=\"fill banner-link\"><\/div>            \n   <div id=\"text-box-2032395179\" class=\"text-box banner-layer x50 md-x50 lg-x50 y50 md-y50 lg-y50 res-text\">\n                                <div class=\"text-box-content text dark\">\n              \n              <div class=\"text-inner text-center\">\n                  \n              <\/div>\n           <\/div>\n                            \n<style>\n#text-box-2032395179 {\n  width: 60%;\n}\n#text-box-2032395179 .text-box-content {\n  font-size: 100%;\n}\n@media (min-width:550px) {\n  #text-box-2032395179 {\n    width: 60%;\n  }\n}\n<\/style>\n    <\/div>\n \n        <\/div>\n      <\/div>\n\n            \n<style>\n#banner-177323733 {\n  padding-top: 100%;\n}\n<\/style>\n  <\/div>\n\n\n     <\/div>\n\n     <div class=\"loading-spin dark large centered\"><\/div>\n\n\t<\/div>\n\n\n<div class=\"slider-wrapper relative\" id=\"slider-138349085\" >\n    <div class=\"slider slider-nav-circle slider-nav-large slider-nav-light slider-style-normal\"\n        data-flickity-options='{\n            \"cellAlign\": \"center\",\n            \"imagesLoaded\": true,\n            \"lazyLoad\": 1,\n            \"freeScroll\": false,\n            \"wrapAround\": false,\n            \"autoPlay\": false,\n            \"pauseAutoPlayOnHover\" : true,\n            \"prevNextButtons\": false,\n            \"contain\" : true,\n            \"adaptiveHeight\" : true,\n            \"dragThreshold\" : 10,\n            \"percentPosition\": true,\n            \"pageDots\": false,\n            \"rightToLeft\": false,\n            \"draggable\": false,\n            \"selectedAttraction\": 0.1,\n            \"parallax\" : 0,\n            \"friction\": 0.6        }'\n        >\n        \n\n  <div class=\"banner has-hover\" id=\"banner-1468787135\">\n          <div class=\"banner-inner fill\">\n        <div class=\"banner-bg fill\" >\n                                                \n                    <\/div>\n\t\t\n        <div class=\"banner-layers container\">\n            <div class=\"fill banner-link\"><\/div>            \n   <div id=\"text-box-1071916141\" class=\"text-box banner-layer x50 md-x50 lg-x50 y50 md-y50 lg-y50 res-text\">\n                                <div class=\"text-box-content text dark\">\n              \n              <div class=\"text-inner text-center\">\n                  \n\t<div class=\"img has-hover x md-x lg-x y md-y lg-y\" id=\"image_1811910519\">\n\t\t\t\t\t\t\t\t<div class=\"img-inner dark\" style=\"margin:0px 0px 40px 0px;\">\n\t\t\t<img loading=\"lazy\" decoding=\"async\" width=\"1020\" height=\"285\" src=\"https:\/\/chapal.fr\/wp-content\/uploads\/2024\/11\/LOGO_CHAPAL-1024x286.png\" class=\"attachment-large size-large\" alt=\"\" srcset=\"https:\/\/chapal.fr\/wp-content\/uploads\/2024\/11\/LOGO_CHAPAL-1024x286.png 1024w, https:\/\/chapal.fr\/wp-content\/uploads\/2024\/11\/LOGO_CHAPAL-300x84.png 300w, https:\/\/chapal.fr\/wp-content\/uploads\/2024\/11\/LOGO_CHAPAL-768x214.png 768w, https:\/\/chapal.fr\/wp-content\/uploads\/2024\/11\/LOGO_CHAPAL-1536x429.png 1536w, https:\/\/chapal.fr\/wp-content\/uploads\/2024\/11\/LOGO_CHAPAL-2048x571.png 2048w, https:\/\/chapal.fr\/wp-content\/uploads\/2024\/11\/LOGO_CHAPAL-500x139.png 500w, https:\/\/chapal.fr\/wp-content\/uploads\/2024\/11\/LOGO_CHAPAL-1000x279.png 1000w\" sizes=\"(max-width: 1020px) 100vw, 1020px\" \/>\t\t\t\t\t\t\n\t\t\t\t\t<\/div>\n\t\t\t\t\t\t\t\t\n<style>\n#image_1811910519 {\n  width: 60%;\n}\n@media (min-width:550px) {\n  #image_1811910519 {\n    width: 30%;\n  }\n}\n<\/style>\n\t<\/div>\n\t\n\t<div id=\"text-2088183612\" class=\"text titleHomeMaisonChapal\">\n\t\t\n<p><span style=\"font-size: 120%; font-weight: 400;\">Maroquinerie fran\u00e7aise r\u00e9put\u00e9e depuis 1832 pour son savoir-faire <br \/>dans le domaine du sur-mesure et du pr\u00eat-\u00e0-porter masculin de luxe.<\/span><\/p>\n\t\t\n<style>\n#text-2088183612 {\n  line-height: 0.75;\n  color: rgb(0, 0, 0);\n}\n#text-2088183612 > * {\n  color: rgb(0, 0, 0);\n}\n<\/style>\n\t<\/div>\n\t\n              <\/div>\n           <\/div>\n                            \n<style>\n#text-box-1071916141 {\n  width: 71%;\n}\n#text-box-1071916141 .text-box-content {\n  font-size: 100%;\n}\n@media (min-width:550px) {\n  #text-box-1071916141 {\n    width: 85%;\n  }\n}\n<\/style>\n    <\/div>\n \n        <\/div>\n      <\/div>\n\n            \n<style>\n#banner-1468787135 {\n  padding-top: 300px;\n  background-color: rgb(255, 255, 255);\n}\n@media (min-width:550px) {\n  #banner-1468787135 {\n    padding-top: 300px;\n  }\n}\n<\/style>\n  <\/div>\n\n\n     <\/div>\n\n     <div class=\"loading-spin dark large centered\"><\/div>\n\n\t<\/div>\n\n\n\n  <div class=\"banner has-hover\" id=\"banner-949770889\">\n          <div class=\"banner-inner fill\">\n        <div class=\"banner-bg fill\" >\n            <img loading=\"lazy\" decoding=\"async\" width=\"2560\" height=\"1861\" src=\"https:\/\/chapal.fr\/wp-content\/uploads\/2024\/10\/USAAF-Ascots-Father-Glossy-leather-Green-color-Credits-Craft-Partners-2-scaled.jpg\" class=\"bg attachment-original size-original\" alt=\"\" \/>                        <div class=\"overlay\"><\/div>            \n                    <\/div>\n\t\t\n        <div class=\"banner-layers container\">\n            <div class=\"fill banner-link\"><\/div>            \n   <div id=\"text-box-1814135588\" class=\"text-box banner-layer x50 md-x50 lg-x50 y50 md-y50 lg-y50 res-text\">\n                                <div class=\"text-box-content text dark\">\n              \n              <div class=\"text-inner text-center\">\n                  \n\t<div id=\"text-605894823\" class=\"text titleHome\">\n\t\t\n<h3 style=\"text-align: center; font-weight: 900; line-height: 70px; font-size: 42px;\">USAAF<\/h3>\n<p><strong><span style=\"font-size: 120%;\">Le Flight Jacket de r\u00e9f\u00e9rence<br \/><\/span><\/strong><\/p>\n\t\t\t<\/div>\n\t\n\t<div id=\"gap-1323392104\" class=\"gap-element clearfix\" style=\"display:block; height:auto;\">\n\t\t\n<style>\n#gap-1323392104 {\n  padding-top: 60px;\n}\n@media (min-width:550px) {\n  #gap-1323392104 {\n    padding-top: 45px;\n  }\n}\n<\/style>\n\t<\/div>\n\t\n<a href=\"https:\/\/chapal.fr\/fr\/?product_cat=&#038;s=usaaf&#038;post_type=product&#038;lang=fr\" class=\"button white is-outline\"  >\n\t\t<span>D\u00e9couvrir<\/span>\n\t<\/a>\n\n              <\/div>\n           <\/div>\n                            \n<style>\n#text-box-1814135588 {\n  width: 81%;\n}\n#text-box-1814135588 .text-box-content {\n  font-size: 100%;\n}\n@media (min-width:550px) {\n  #text-box-1814135588 {\n    width: 94%;\n  }\n}\n@media (min-width:850px) {\n  #text-box-1814135588 {\n    width: 76%;\n  }\n}\n<\/style>\n    <\/div>\n \n        <\/div>\n      <\/div>\n\n            \n<style>\n#banner-949770889 {\n  padding-top: 680px;\n}\n#banner-949770889 .overlay {\n  background-color: rgba(0,0,0,.5);\n}\n#banner-949770889 .banner-bg img {\n  object-position: 57% 37%;\n}\n@media (min-width:550px) {\n  #banner-949770889 {\n    padding-top: 720px;\n  }\n  #banner-949770889 .overlay {\n    background-color: rgba(0,0,0,.5);\n  }\n}\n<\/style>\n  <\/div>\n\n\n<div class=\"is-divider divider clearfix\" style=\"margin-top:0.5em;margin-bottom:0.5em;height:0px;\"><\/div>\n\n  <div class=\"banner has-hover\" id=\"banner-1237400697\">\n          <div class=\"banner-inner fill\">\n        <div class=\"banner-bg fill\" >\n            <img loading=\"lazy\" decoding=\"async\" width=\"2560\" height=\"2560\" src=\"https:\/\/chapal.fr\/wp-content\/uploads\/2026\/03\/Blouson-Anglais-Cuir-glace-Pain-brule-4-scaled.jpg\" class=\"bg attachment-original size-original\" alt=\"Blouson Anglais - Cuir glace\u0301 - Pain bru\u0302le\u0301\" \/>                        <div class=\"overlay\"><\/div>            \n                    <\/div>\n\t\t\n        <div class=\"banner-layers container\">\n            <div class=\"fill banner-link\"><\/div>            \n   <div id=\"text-box-1810668001\" class=\"text-box banner-layer x50 md-x50 lg-x50 y35 md-y35 lg-y35 res-text\">\n                                <div class=\"text-box-content text dark\">\n              \n              <div class=\"text-inner text-center\">\n                  \n\t<div id=\"text-3127453061\" class=\"text titleHome\">\n\t\t\n<h2 class=\"uppercase\" style=\"text-align: center; font-weight: 900; line-height: 70px; font-size: 42px;\">Vestes et Blousons<\/h2>\n<p><strong><span style=\"font-size: 120%;\">De la tannerie aux finitions, chaque \u00e9tape est r\u00e9alis\u00e9e au sein de la manufacture CHAPAL<\/span><\/strong><\/p>\n\t\t\t<\/div>\n\t\n              <\/div>\n           <\/div>\n                            \n<style>\n#text-box-1810668001 {\n  width: 86%;\n}\n#text-box-1810668001 .text-box-content {\n  font-size: 100%;\n}\n@media (min-width:550px) {\n  #text-box-1810668001 {\n    width: 86%;\n  }\n}\n@media (min-width:850px) {\n  #text-box-1810668001 {\n    width: 77%;\n  }\n}\n<\/style>\n    <\/div>\n \n   <div id=\"text-box-1806239172\" class=\"text-box banner-layer x50 md-x50 lg-x50 y70 md-y70 lg-y70 res-text\">\n                                <div class=\"text-box-content text dark\">\n              \n              <div class=\"text-inner text-center\">\n                  \n<a href=\"https:\/\/chapal.fr\/fr\/categorie-produit\/vestes-et-blousons\/\" class=\"button white is-outline\"  >\n\t\t<span>D\u00e9couvrir la collection<\/span>\n\t<\/a>\n\n              <\/div>\n           <\/div>\n                            \n<style>\n#text-box-1806239172 {\n  width: 60%;\n}\n#text-box-1806239172 .text-box-content {\n  font-size: 100%;\n}\n<\/style>\n    <\/div>\n \n        <\/div>\n      <\/div>\n\n            \n<style>\n#banner-1237400697 {\n  padding-top: 680px;\n}\n#banner-1237400697 .overlay {\n  background-color: rgba(0,0,0,.5);\n}\n#banner-1237400697 .banner-bg img {\n  object-position: 65% 50%;\n}\n@media (min-width:550px) {\n  #banner-1237400697 {\n    padding-top: 720px;\n  }\n}\n<\/style>\n  <\/div>\n\n\n<div class=\"is-divider divider clearfix\" style=\"margin-top:0.5em;margin-bottom:0.5em;height:0px;\"><\/div>\n\n  <div class=\"banner has-hover\" id=\"banner-74327834\">\n          <div class=\"banner-inner fill\">\n        <div class=\"banner-bg fill\" >\n            <img loading=\"lazy\" decoding=\"async\" width=\"1922\" height=\"2560\" src=\"https:\/\/chapal.fr\/wp-content\/uploads\/2026\/01\/Prise-de-mesures-2-scaled.jpg\" class=\"bg attachment-original size-original\" alt=\"Service sur-mesure - Maison CHAPAL\" \/>                        <div class=\"overlay\"><\/div>            \n                    <\/div>\n\t\t\n        <div class=\"banner-layers container\">\n            <div class=\"fill banner-link\"><\/div>            \n   <div id=\"text-box-341430774\" class=\"text-box banner-layer x50 md-x50 lg-x50 y35 md-y35 lg-y35 res-text\">\n                                <div class=\"text-box-content text dark\">\n              \n              <div class=\"text-inner text-center\">\n                  \n\t<div id=\"text-719968937\" class=\"text titleHome\">\n\t\t\n<h2 class=\"uppercase\" style=\"text-align: center; font-weight: 900; line-height: 70px; font-size: 42px;\">SERVICE SUR-MESURE<\/h2>\n<p><strong><span style=\"font-size: 120%;\">Un savoir-faire d&rsquo;exception au service de cr\u00e9ations enti\u00e8rement personnalis\u00e9es<\/span><\/strong><\/p>\n\t\t\t<\/div>\n\t\n              <\/div>\n           <\/div>\n                            \n<style>\n#text-box-341430774 {\n  width: 84%;\n}\n#text-box-341430774 .text-box-content {\n  font-size: 100%;\n}\n@media (min-width:550px) {\n  #text-box-341430774 {\n    width: 76%;\n  }\n}\n<\/style>\n    <\/div>\n \n   <div id=\"text-box-2102549211\" class=\"text-box banner-layer x50 md-x50 lg-x50 y70 md-y70 lg-y70 res-text\">\n                                <div class=\"text-box-content text dark\">\n              \n              <div class=\"text-inner text-center\">\n                  \n<a href=\"https:\/\/chapal.fr\/fr\/sur-mesure\/\" class=\"button white is-outline\"  >\n\t\t<span>D\u00e9couvrir notre sur-mesure<\/span>\n\t<\/a>\n\n              <\/div>\n           <\/div>\n                            \n<style>\n#text-box-2102549211 {\n  width: 60%;\n}\n#text-box-2102549211 .text-box-content {\n  font-size: 100%;\n}\n<\/style>\n    <\/div>\n \n        <\/div>\n      <\/div>\n\n            \n<style>\n#banner-74327834 {\n  padding-top: 680px;\n}\n#banner-74327834 .overlay {\n  background-color: rgba(0,0,0,.5);\n}\n#banner-74327834 .banner-bg img {\n  object-position: 45% 51%;\n}\n@media (min-width:550px) {\n  #banner-74327834 {\n    padding-top: 720px;\n  }\n}\n<\/style>\n  <\/div>\n\n\n<div class=\"is-divider divider clearfix\" style=\"margin-top:0.5em;margin-bottom:0.5em;height:0px;\"><\/div>\n\n  <div class=\"banner has-hover\" id=\"banner-880242179\">\n          <div class=\"banner-inner fill\">\n        <div class=\"banner-bg fill\" >\n            <img loading=\"lazy\" decoding=\"async\" width=\"2048\" height=\"2560\" src=\"https:\/\/chapal.fr\/wp-content\/uploads\/2026\/01\/Casque-scaled.jpg\" class=\"bg attachment-original size-original\" alt=\"CHAPAL Vintage\" \/>                        <div class=\"overlay\"><\/div>            \n                    <\/div>\n\t\t\n        <div class=\"banner-layers container\">\n            <div class=\"fill banner-link\"><\/div>            \n   <div id=\"text-box-1224045966\" class=\"text-box banner-layer x50 md-x50 lg-x50 y50 md-y50 lg-y50 res-text\">\n                                <div class=\"text-box-content text dark\">\n              \n              <div class=\"text-inner text-center\">\n                  \n\t<div id=\"text-4237225862\" class=\"text titleHome\">\n\t\t\n<h2 class=\"uppercase\" style=\"text-align: center; font-weight: 900; line-height: 70px; font-size: 42px;\">CHAPAL VINTAGE<\/h2>\n<p><strong><span style=\"font-size: 120%;\">Des pi\u00e8ces soigneusement s\u00e9lectionn\u00e9es pour leur histoire et leur allure<\/span><\/strong><\/p>\n\t\t\t<\/div>\n\t\n              <\/div>\n           <\/div>\n                            \n<style>\n#text-box-1224045966 {\n  width: 60%;\n}\n#text-box-1224045966 .text-box-content {\n  font-size: 100%;\n}\n@media (min-width:550px) {\n  #text-box-1224045966 {\n    width: 77%;\n  }\n}\n@media (min-width:850px) {\n  #text-box-1224045966 {\n    width: 64%;\n  }\n}\n<\/style>\n    <\/div>\n \n   <div id=\"text-box-347306988\" class=\"text-box banner-layer x50 md-x50 lg-x50 y70 md-y75 lg-y75 res-text\">\n                                <div class=\"text-box-content text dark\">\n              \n              <div class=\"text-inner text-center\">\n                  \n<a href=\"https:\/\/chapal.fr\/fr\/categorie-produit\/chapal-vintage\/\" class=\"button white is-outline\"  >\n\t\t<span>D\u00e9couvrir la collection<\/span>\n\t<\/a>\n\n              <\/div>\n           <\/div>\n                            \n<style>\n#text-box-347306988 {\n  width: 60%;\n}\n#text-box-347306988 .text-box-content {\n  font-size: 100%;\n}\n<\/style>\n    <\/div>\n \n        <\/div>\n      <\/div>\n\n            \n<style>\n#banner-880242179 {\n  padding-top: 680px;\n}\n#banner-880242179 .overlay {\n  background-color: rgba(0,0,0,.5);\n}\n#banner-880242179 .banner-bg img {\n  object-position: 50% 30%;\n}\n@media (min-width:550px) {\n  #banner-880242179 {\n    padding-top: 720px;\n  }\n}\n<\/style>\n  <\/div>\n\n\n","protected":false},"excerpt":{"rendered":"","protected":false},"author":619,"featured_media":0,"parent":0,"menu_order":0,"comment_status":"closed","ping_status":"closed","template":"page-blank.php","meta":{"footnotes":""},"acf":[],"_links":{"self":[{"href":"https:\/\/chapal.fr\/fr\/wp-json\/wp\/v2\/pages\/37916"}],"collection":[{"href":"https:\/\/chapal.fr\/fr\/wp-json\/wp\/v2\/pages"}],"about":[{"href":"https:\/\/chapal.fr\/fr\/wp-json\/wp\/v2\/types\/page"}],"author":[{"embeddable":true,"href":"https:\/\/chapal.fr\/fr\/wp-json\/wp\/v2\/users\/619"}],"replies":[{"embeddable":true,"href":"https:\/\/chapal.fr\/fr\/wp-json\/wp\/v2\/comments?post=37916"}],"version-history":[{"count":232,"href":"https:\/\/chapal.fr\/fr\/wp-json\/wp\/v2\/pages\/37916\/revisions"}],"predecessor-version":[{"id":42218,"href":"https:\/\/chapal.fr\/fr\/wp-json\/wp\/v2\/pages\/37916\/revisions\/42218"}],"wp:attachment":[{"href":"https:\/\/chapal.fr\/fr\/wp-json\/wp\/v2\/media?parent=37916"}],"curies":[{"name":"wp","href":"https:\/\/api.w.org\/{rel}","templated":true}]}}