{"id":19928,"date":"2020-09-11T12:28:31","date_gmt":"2020-09-11T12:28:31","guid":{"rendered":"https:\/\/chapal.fr\/politique-de-confidentialite\/"},"modified":"2022-12-14T10:29:11","modified_gmt":"2022-12-14T10:29:11","slug":"politique-de-confidentialite","status":"publish","type":"page","link":"https:\/\/chapal.fr\/fr\/politique-de-confidentialite\/","title":{"rendered":"Politique de confidentialit\u00e9"},"content":{"rendered":"\n<h2>1. Introduction<\/h2>\n<p>Notre site, <a href=\"https:\/\/chapal.fr\/\">https:\/\/chapal.fr<\/a> utilise des cookies et autres technologies similaires. Les cookies sont \u00e9galement confi\u00e9s \u00e0 des tiers dont nous avons confiance. Sur cette page, nous vous informons des cookies que nous utilisons sur notre site.<\/p>\n<h2>2. Qu&rsquo;est-ce qu&rsquo;un cookie ?<\/h2>\n<p>Un cookie est un simple petit fichier qui est envoy\u00e9 par les pages de notre site web, et qui est ensuite stock\u00e9 sur votre navigateur web. Les informations contenues sont \u00e9galement stock\u00e9es sur nos serveurs ou bien des serveurs de nos partenaires de confiance durante votre visite.<\/p>\n<h2>3. Qu&rsquo;est-ce qu&rsquo;un script ?<\/h2>\n<p>Un script est une pi\u00e8ce de code qui est utilis\u00e9e pour r\u00e9aliser des fonctions interactives sur notre site. Ce code est ex\u00e9cut\u00e9 depuis nos serveurs ou sur votre appareil.<\/p>\n<h2>4. Qu&rsquo;est-ce qu&rsquo;un cookie espion ?<\/h2>\n<p>Un cookie espion est un petit texte ou image invisible sur le site, qui est utilis\u00e9 pour g\u00e9rer le trafic du site web.<\/p>\n<h2>5. Consentement<\/h2>\n<p>Quand vous visitez notre site web pour la premi\u00e8re fois, un pop-up avec une explication des cookies appara\u00eet. En navigant sur notre site web, vous acceptez ces cookies.<\/p>\n<h2>6. Cookies<\/h2>\n<p class=\"cmplz-subtitle\">6.1 Technique<br>Quelques cookies sont utilis\u00e9s sur le site pour g\u00e9rer les pr\u00e9f\u00e9rences de l&rsquo;utilisateur et le fonctionnement du site.<\/p>\n<p class=\"cmplz-subtitle\">6.2 Analyse<br>Nous utilisons des cookies d&rsquo;analyse pour optimiser l&rsquo;exp\u00e9rience utilisateur.<\/p>\n<p class=\"cmplz-subtitle\">6.3 Social<br>Sur notre site, nous utilisons des boutons Facebook ou Instragram pour promouvoir nos r\u00e9seaux sociaux, ou bien pour vous permettre de partager.<\/p>\n<h2>7. Cookies en place<\/h2>\n<h3>WooCommerce<\/h3>\n<p>Nous utilisons WooCommerce pour la gestion du e-commerce<\/p>\n<table>\n<tbody>\n<tr>\n<th scope=\"col\">NOM<\/th>\n<th scope=\"col\">CONSERVE<\/th>\n<th scope=\"col\">FONCTION<\/th>\n<\/tr>\n<tr>\n<td scope=\"row\"><b>Fonction<\/b><\/td>\n<td>&nbsp;<\/td>\n<td>&nbsp;<\/td>\n<\/tr>\n<tr>\n<td>wc_cart_hash_*<\/td>\n<td>session<\/td>\n<td>Produit mis dans le panier<\/td>\n<\/tr>\n<tr>\n<td>wc_cart_created<\/td>\n<td>session<\/td>\n<td>Gestion du e-commerce<\/td>\n<\/tr>\n<tr>\n<td>wc_fragments_*<\/td>\n<td>persistent<\/td>\n<td>&nbsp;<\/td>\n<\/tr>\n<tr>\n<td>woocommerce_items_in_cart<\/td>\n<td>session<\/td>\n<td>Produit mis dans le panier<\/td>\n<\/tr>\n<tr>\n<td>woocommerce_cart_hash<\/td>\n<td>1 jour<\/td>\n<td>Produit mis dans le panier<\/td>\n<\/tr>\n<tr>\n<td>wp_woocommerce_session_*<\/td>\n<td>session<\/td>\n<td>Gestion du e-commerce<\/td>\n<\/tr>\n<\/tbody>\n<\/table>\n<h4>Partage : Ces donn\u00e9es ne sont pas partag\u00e9es<\/h4>\n<h3>JetPack<\/h3>\n<p>Nous utilisons JetPack pour la protection du site<\/p>\n<p>&nbsp;<\/p>\n<table>\n<tbody>\n<tr>\n<th scope=\"col\">Nom<\/th>\n<th scope=\"col\">CONSERVE<\/th>\n<th scope=\"col\">FONCTION<\/th>\n<\/tr>\n<tr>\n<td scope=\"row\"><b>Statistique<\/b><\/td>\n<td>&nbsp;<\/td>\n<td>&nbsp;<\/td>\n<\/tr>\n<tr>\n<td>tk_*r<\/td>\n<td>1 ans<\/td>\n<td>Store referrer ID\u2019s<\/td>\n<\/tr>\n<tr>\n<td>tk_tc<\/td>\n<td>session<\/td>\n<td>Store the user\u2019s usage history<\/td>\n<\/tr>\n<tr>\n<td>tk_qs<\/td>\n<td>30 minutes<\/td>\n<td>&nbsp;<\/td>\n<\/tr>\n<tr>\n<td scope=\"row\"><b>Purpose pending investigation<\/b><\/td>\n<td>&nbsp;<\/td>\n<td>&nbsp;<\/td>\n<\/tr>\n<tr>\n<td>tk_r3d<\/td>\n<td>&nbsp;<\/td>\n<td>&nbsp;<\/td>\n<\/tr>\n<\/tbody>\n<\/table>\n<h4>Partage<br>Pour plus d&rsquo;information, merci de lire <a href=\"https:\/\/jetpack.com\/support\/privacy\/\" target=\"_blank\" rel=\"noopener noreferrer nofollow\">JetPack Privacy Statement<\/a><\/h4>\n<h3>Automattic<\/h3>\n<p>Nous utilisons Automattic pour le d\u00e9veloppement du site<\/p>\n<p>&nbsp;<\/p>\n<table>\n<tbody>\n<tr>\n<th scope=\"col\">NOM<\/th>\n<th scope=\"col\">CONSERVE<\/th>\n<th scope=\"col\">FONCTION<\/th>\n<\/tr>\n<tr>\n<td scope=\"row\"><b>Statistique<\/b><\/td>\n<td>&nbsp;<\/td>\n<td>&nbsp;<\/td>\n<\/tr>\n<tr>\n<td>tk_ai<\/td>\n<td>session<\/td>\n<td>Store a unique user ID<\/td>\n<\/tr>\n<\/tbody>\n<\/table>\n<h4>Partage<br>Pour plus d&rsquo;information, merci de lire <a href=\"https:\/\/automattic.com\/cookies\/\" target=\"_blank\" rel=\"noopener noreferrer nofollow\">Automattic Privacy Statement<\/a><\/h4>\n<h3>Google Analytics<\/h3>\n<p>Nous utilisons Google Analytics pour les statistiques du site<\/p>\n<table>\n<tbody>\n<tr>\n<th scope=\"col\">NAME<\/th>\n<th scope=\"col\">RETENTION<\/th>\n<th scope=\"col\">FUNCTION<\/th>\n<\/tr>\n<tr>\n<td scope=\"row\"><b>Statistique (anonyme<\/b><\/td>\n<td>&nbsp;<\/td>\n<td>&nbsp;<\/td>\n<\/tr>\n<tr>\n<td>_ga<\/td>\n<td>2 years<\/td>\n<td>Count and track pageviews<\/td>\n<\/tr>\n<tr>\n<td>_gid<\/td>\n<td>1 day<\/td>\n<td>Count and track pageviews<\/td>\n<\/tr>\n<\/tbody>\n<\/table>\n<h4>Partage<br>Pour plus d&rsquo;information, merci de lire&nbsp;<a href=\"https:\/\/policies.google.com\/privacy\" target=\"_blank\" rel=\"noopener noreferrer nofollow\">Google Analytics Privacy Statement<\/a><\/h4>\n<h3>WPML<\/h3>\n<p>Nous utilisons WPML pour la gestion locale<\/p>\n<table>\n<tbody>\n<tr>\n<th scope=\"col\">NAME<\/th>\n<th scope=\"col\">RETENTION<\/th>\n<th scope=\"col\">FUNCTION<\/th>\n<\/tr>\n<tr>\n<td scope=\"row\"><b>Purpose pending investigation<\/b><\/td>\n<td>&nbsp;<\/td>\n<td>&nbsp;<\/td>\n<\/tr>\n<tr>\n<td>_icl_visitor_lang_js<\/td>\n<td>&nbsp;<\/td>\n<td>&nbsp;<\/td>\n<\/tr>\n<tr>\n<td scope=\"row\"><b>Functional<\/b><\/td>\n<td>&nbsp;<\/td>\n<td>&nbsp;<\/td>\n<\/tr>\n<tr>\n<td>wp-wpml_current_language<\/td>\n<td>1 day<\/td>\n<td>Store language settings<\/td>\n<\/tr>\n<tr>\n<td>wpml_browser_redirect_test<\/td>\n<td>session<\/td>\n<td>Check if cookies can be placed<\/td>\n<\/tr>\n<\/tbody>\n<\/table>\n<h4>Partage : Ces donn\u00e9es ne sont pas partag\u00e9es<\/h4>\n<h3>Stripe<\/h3>\n<p>Nous utilisons Stripe pour le processus de paiement<\/p>\n<p>&nbsp;<\/p>\n<table>\n<tbody>\n<tr>\n<th scope=\"col\">NAME<\/th>\n<th scope=\"col\">RETENTION<\/th>\n<th scope=\"col\">FUNCTION<\/th>\n<\/tr>\n<tr>\n<td scope=\"row\"><b>Functional<\/b><\/td>\n<td>&nbsp;<\/td>\n<td>&nbsp;<\/td>\n<\/tr>\n<tr>\n<td>__stripe_mid<\/td>\n<td>1 year<\/td>\n<td>Provide fraud prevention<\/td>\n<\/tr>\n<\/tbody>\n<\/table>\n<h4>Partage : <br>Pour plus d&rsquo;information, merci de lire&nbsp;<a href=\"https:\/\/stripe.com\/privacy\/\" target=\"_blank\" rel=\"noopener noreferrer nofollow\">Stripe Privacy Statement<\/a><\/h4>\n<h3>WordPress<\/h3>\n<p>Nous utilisons WordPress pour le d\u00e9veloppement du site<\/p>\n<p>&nbsp;<\/p>\n<table>\n<tbody>\n<tr>\n<th scope=\"col\">NAME<\/th>\n<th scope=\"col\">RETENTION<\/th>\n<th scope=\"col\">FUNCTION<\/th>\n<\/tr>\n<tr>\n<td scope=\"row\"><b>Preferences<\/b><\/td>\n<td>&nbsp;<\/td>\n<td>&nbsp;<\/td>\n<\/tr>\n<tr>\n<td>of_current_opt<\/td>\n<td>1 week<\/td>\n<td>Store user preferences<\/td>\n<\/tr>\n<\/tbody>\n<\/table>\n<h4>Partage : Ces donn\u00e9es ne sont pas partag\u00e9es<\/h4>\n<p>&nbsp;<\/p>\n<h3>WordFence<\/h3>\n<p>Nous utilisons WordFence pour la s\u00e9curit\u00e9 du site<\/p>\n<p>&nbsp;<\/p>\n<table>\n<tbody>\n<tr>\n<th scope=\"col\">NAME<\/th>\n<th scope=\"col\">RETENTION<\/th>\n<th scope=\"col\">FUNCTION<\/th>\n<\/tr>\n<tr>\n<td scope=\"row\"><b>Functional<\/b><\/td>\n<td>&nbsp;<\/td>\n<td>&nbsp;<\/td>\n<\/tr>\n<tr>\n<td>wfwaf-authcookie-*<\/td>\n<td>12 hours<\/td>\n<td>Determine if the user is logged in<\/td>\n<\/tr>\n<\/tbody>\n<\/table>\n<h4>Partage : <br>Pour plus d&rsquo;information, merci de lire&nbsp;<a href=\"https:\/\/www.wordfence.com\/privacy-policy\/\" target=\"_blank\" rel=\"noopener noreferrer nofollow\">WordFence Privacy Statement<\/a><\/h4>\n<h3>Hotjar<\/h3>\n<p>Nous utilisons Hotjar pour les \u00ab\u00a0heat maps\u00a0\u00bb et les enregistrements d&rsquo;\u00e9cran.<\/p>\n<p>&nbsp;<\/p>\n<table>\n<tbody>\n<tr>\n<th scope=\"col\">NAME<\/th>\n<th scope=\"col\">RETENTION<\/th>\n<th scope=\"col\">FUNCTION<\/th>\n<\/tr>\n<tr>\n<td scope=\"row\"><b>Statistics<\/b><\/td>\n<td>&nbsp;<\/td>\n<td>&nbsp;<\/td>\n<\/tr>\n<tr>\n<td>_hjid<\/td>\n<td>1 year<\/td>\n<td>Store a unique user ID<\/td>\n<\/tr>\n<\/tbody>\n<\/table>\n<h4>Partage :<br>Pour plus d&rsquo;information, merci de lire <a href=\"https:\/\/www.hotjar.com\/legal\/policies\/cookie-information\" target=\"_blank\" rel=\"noopener noreferrer nofollow\">Hotjar Privacy Statement<\/a><\/h4>\n<h3>Google Fonts<\/h3>\n<p>Nous utilisons Google Fonts pour&nbsp;l&rsquo;affichage des polices de caract\u00e8res web.<\/p>\n<p>&nbsp;<\/p>\n<table>\n<tbody>\n<tr>\n<th scope=\"col\">NAME<\/th>\n<th scope=\"col\">RETENTION<\/th>\n<th scope=\"col\">FUNCTION<\/th>\n<\/tr>\n<tr>\n<td scope=\"row\"><b>Marketing\/Tracking<\/b><\/td>\n<td>&nbsp;<\/td>\n<td>&nbsp;<\/td>\n<\/tr>\n<tr>\n<td>Google Fonts API<\/td>\n<td>none<\/td>\n<td>Request user IP address<\/td>\n<\/tr>\n<\/tbody>\n<\/table>\n<h4>Partage :<br>Pour plus d&rsquo;information, merci de lire&nbsp;<a href=\"https:\/\/policies.google.com\/privacy\" target=\"_blank\" rel=\"noopener noreferrer nofollow\">Google Fonts Privacy Statement<\/a><\/h4>\n<h3>Google reCAPTCHA<\/h3>\n<p>Nous utilisons Google reCAPTCHA pour la pr\u00e9vention des spams<\/p>\n<p>&nbsp;<\/p>\n<table>\n<tbody>\n<tr>\n<th scope=\"col\">NAME<\/th>\n<th scope=\"col\">RETENTION<\/th>\n<th scope=\"col\">FUNCTION<\/th>\n<\/tr>\n<tr>\n<td scope=\"row\"><b>Marketing\/Tracking<\/b><\/td>\n<td>&nbsp;<\/td>\n<td>&nbsp;<\/td>\n<\/tr>\n<tr>\n<td>rc::c<\/td>\n<td>session<\/td>\n<td>Filter requests from bots<\/td>\n<\/tr>\n<tr>\n<td>rc::b<\/td>\n<td>session<\/td>\n<td>Filter requests from bots<\/td>\n<\/tr>\n<tr>\n<td>rc::a<\/td>\n<td>persistent<\/td>\n<td>Filter requests from bots<\/td>\n<\/tr>\n<\/tbody>\n<\/table>\n<h4>Partage :<br>Pour plus d&rsquo;information, merci de lire&nbsp;<a href=\"https:\/\/policies.google.com\/privacy\" target=\"_blank\" rel=\"noopener noreferrer nofollow\">Google reCAPTCHA Privacy Statement<\/a><\/h4>\n<h3>YouTube<\/h3>\n<p>Nous utilisons YouTube pour les vid\u00e9os&nbsp;<\/p>\n<table>\n<tbody>\n<tr>\n<th scope=\"col\">NAME<\/th>\n<th scope=\"col\">RETENTION<\/th>\n<th scope=\"col\">FUNCTION<\/th>\n<\/tr>\n<tr>\n<td scope=\"row\"><b>Marketing\/Tracking<\/b><\/td>\n<td>&nbsp;<\/td>\n<td>&nbsp;<\/td>\n<\/tr>\n<tr>\n<td>GPS<\/td>\n<td>session<\/td>\n<td>Store location data<\/td>\n<\/tr>\n<tr>\n<td scope=\"row\"><b>Functional<\/b><\/td>\n<td>&nbsp;<\/td>\n<td>&nbsp;<\/td>\n<\/tr>\n<tr>\n<td>VISITOR_INFO1_LIVE<\/td>\n<td>6 months<\/td>\n<td>Estimate bandwidth<\/td>\n<\/tr>\n<tr>\n<td scope=\"row\"><b>Statistics<\/b><\/td>\n<td>&nbsp;<\/td>\n<td>&nbsp;<\/td>\n<\/tr>\n<tr>\n<td>YSC<\/td>\n<td>session<\/td>\n<td>Store a unique user ID<\/td>\n<\/tr>\n<tr>\n<td>PREF<\/td>\n<td>1 year<\/td>\n<td>Store and track visits across websites<\/td>\n<\/tr>\n<\/tbody>\n<\/table>\n<h4>Partage :<br>Pour plus d&rsquo;information, merci de lire <a href=\"https:\/\/policies.google.com\/privacy\" target=\"_blank\" rel=\"noopener noreferrer nofollow\">YouTube Privacy Statement<\/a><\/h4>\n<h3>Facebook<\/h3>\n<p>Nous utilisons Facebook pour l&rsquo;affichage de messages sociaux r\u00e9cents et\/ou de boutons de partage<\/p>\n<p>&nbsp;<\/p>\n<table>\n<tbody>\n<tr>\n<th scope=\"col\">NAME<\/th>\n<th scope=\"col\">RETENTION<\/th>\n<th scope=\"col\">FUNCTION<\/th>\n<\/tr>\n<tr>\n<td scope=\"row\"><b>Marketing\/Tracking<\/b><\/td>\n<td>&nbsp;<\/td>\n<td>&nbsp;<\/td>\n<\/tr>\n<tr>\n<td>actppresence<\/td>\n<td>1 year<\/td>\n<td>Manage ad display frequency<\/td>\n<\/tr>\n<tr>\n<td>_fbc<\/td>\n<td>2 years<\/td>\n<td>Store last visit<\/td>\n<\/tr>\n<tr>\n<td>fbm*<\/td>\n<td>1 year<\/td>\n<td>Store account details<\/td>\n<\/tr>\n<tr>\n<td>xs<\/td>\n<td>3 months<\/td>\n<td>Store a unique session ID<\/td>\n<\/tr>\n<tr>\n<td>fr<\/td>\n<td>3 months<\/td>\n<td>Enable ad delivery or retargeting<\/td>\n<\/tr>\n<tr>\n<td>_fbp<\/td>\n<td>3 months<\/td>\n<td>Store and track visits across websites<\/td>\n<\/tr>\n<tr>\n<td>datr<\/td>\n<td>2 years<\/td>\n<td>Provide fraud prevention<\/td>\n<\/tr>\n<tr>\n<td>sb<\/td>\n<td>2 years<\/td>\n<td>Store browser details<\/td>\n<\/tr>\n<tr>\n<td>*_fbm_<\/td>\n<td>1 year<\/td>\n<td>Store account details<\/td>\n<\/tr>\n<tr>\n<td scope=\"row\"><b>Functional<\/b><\/td>\n<td>&nbsp;<\/td>\n<td>&nbsp;<\/td>\n<\/tr>\n<tr>\n<td>wd<\/td>\n<td>1 week<\/td>\n<td>Determine screen resolution<\/td>\n<\/tr>\n<tr>\n<td>act<\/td>\n<td>90 days<\/td>\n<td>Keep users logged in<\/td>\n<\/tr>\n<tr>\n<td>c_user<\/td>\n<td>90 days<\/td>\n<td>Store a unique user ID<\/td>\n<\/tr>\n<tr>\n<td>csm<\/td>\n<td>90 days<\/td>\n<td>Provide fraud prevention<\/td>\n<\/tr>\n<tr>\n<td>presence<\/td>\n<td>session<\/td>\n<td>Store and track if the browser tab is active<\/td>\n<\/tr>\n<\/tbody>\n<\/table>\n<h4>Partage :<br>Pour plus d&rsquo;information, merci de lire&nbsp;<a href=\"https:\/\/www.facebook.com\/policy\/cookies\" target=\"_blank\" rel=\"noopener noreferrer nofollow\">Facebook Privacy Statement<\/a><\/h4>\n<h3>Miscellaneous<\/h3>\n<p>&nbsp;<\/p>\n<table>\n<tbody>\n<tr>\n<th scope=\"col\">NAME<\/th>\n<th scope=\"col\">RETENTION<\/th>\n<th scope=\"col\">FUNCTION<\/th>\n<\/tr>\n<tr>\n<td scope=\"row\"><b>Purpose pending investigation<\/b><\/td>\n<td>&nbsp;<\/td>\n<td>&nbsp;<\/td>\n<\/tr>\n<tr>\n<td>flatsome_cookie_notice<\/td>\n<td>&nbsp;<\/td>\n<td>&nbsp;<\/td>\n<\/tr>\n<tr>\n<td>_hjIncludedInPageviewSample<\/td>\n<td>&nbsp;<\/td>\n<td>&nbsp;<\/td>\n<\/tr>\n<tr>\n<td>_hjAbsoluteSessionInProgress<\/td>\n<td>&nbsp;<\/td>\n<td>&nbsp;<\/td>\n<\/tr>\n<\/tbody>\n<\/table>\n<h4>Partage : Ces donn\u00e9es ne sont pas partag\u00e9es<\/h4>\n<p>&nbsp;<\/p>\n<h2>8. Vos droits sur les donn\u00e9es personnelles&nbsp;<\/h2>\n<p>Vous trouverez ci-dessous vos droits en terme de donn\u00e9es personnelles :&nbsp;<\/p>\n<ul>\n<li style=\"list-style-type: none;\">\n<ul>\n<li>Vous avez le droit de savoir pourquoi vos donn\u00e9es personnelles sont n\u00e9cessaires, ce qu&rsquo;il en conviendra et combien de temps elles seront conserv\u00e9es.&nbsp;<\/li>\n<\/ul>\n<\/li>\n<\/ul>\n<ul>\n<li style=\"list-style-type: none;\">\n<ul>\n<li>Droit d&rsquo;acc\u00e8s : Vous avez le droit d&rsquo;acc\u00e9der \u00e0 vos donn\u00e9es personnelles qui nous sont connues.&nbsp;<\/li>\n<\/ul>\n<\/li>\n<\/ul>\n<p>&nbsp;<\/p>\n<ul>\n<li style=\"list-style-type: none;\">\n<ul>\n<li>Droit de rectification : Vous avez le droit de compl\u00e9ter, corriger, faire supprimer ou bloquer vos donn\u00e9es personnelles quand vous le souhaitez.<\/li>\n<\/ul>\n<\/li>\n<\/ul>\n<p>&nbsp;<\/p>\n<ul>\n<li style=\"list-style-type: none;\">\n<ul>\n<li>Si vous nous donnez votre accord pour traiter vos donn\u00e9es, vous avez le droit de r\u00e9voquer cet accord et de faire supprimer vos donn\u00e9es personnelles.<\/li>\n<\/ul>\n<\/li>\n<\/ul>\n<p>&nbsp;<\/p>\n<ul>\n<li style=\"list-style-type: none;\">\n<ul>\n<li>Droit de transf\u00e9rer vos donn\u00e9es : Vous avez le droit de demander au responsable du traitement toutes vos donn\u00e9es personnelles et de les transf\u00e9rer dans leur int\u00e9gralit\u00e9 \u00e0 un autre responsable du traitement.&nbsp;<\/li>\n<\/ul>\n<\/li>\n<\/ul>\n<p>&nbsp;<\/p>\n<ul>\n<li style=\"list-style-type: none;\">\n<ul>\n<li>\n<p>Droit d&rsquo;opposition : Vous pouvez vous opposer au traitement de vos donn\u00e9es. Nous nous y conformons, sauf s&rsquo;il existe des motifs justifi\u00e9s pour le traitement.<\/p>\n<\/li>\n<\/ul>\n<\/li>\n<\/ul>\n<p><span style=\"color: #333333; font-size: 14.4px;\"><br>Pour exercer ces droits, veuillez nous contacter. Veuillez vous r\u00e9f\u00e9rer aux coordonn\u00e9es figurant au bas de la pr\u00e9sente politique en mati\u00e8re de cookies. Si vous avez une plainte sur la fa\u00e7on dont nous traitons vos donn\u00e9es, nous aimerions l&rsquo;entendre, mais vous avez \u00e9galement le droit de soumettre une plainte \u00e0 l&rsquo;autorit\u00e9 de surveillance (l&rsquo;autorit\u00e9 de protection des donn\u00e9es).<\/span><\/p>\n<p>&nbsp;<\/p>\n<h2>9. Activation \/ D\u00e9sactivation et suppression des cookies<\/h2>\n<p>&nbsp;<\/p>\n<p>Vous pouvez utiliser votre navigateur internet pour supprimer automatiquement ou manuellement les cookies. Vous pouvez \u00e9galement sp\u00e9cifier que certains cookies ne peuvent pas \u00eatre plac\u00e9s. Une autre option consiste \u00e0 modifier les param\u00e8tres de votre navigateur Internet afin de recevoir un message chaque fois qu&rsquo;un cookie est plac\u00e9. Pour plus d&rsquo;informations sur ces options, veuillez vous reporter aux instructions de la section Aide de votre navigateur.<\/p>\n<p>Veuillez noter que notre site web peut ne pas fonctionner correctement si tous les cookies sont d\u00e9sactiv\u00e9s. Si vous supprimez les cookies dans votre navigateur, ils seront \u00e0 nouveau plac\u00e9s apr\u00e8s votre consentement lorsque vous visiterez \u00e0 nouveau nos sites web.<\/p>\n<p>&nbsp;<\/p>\n<h2>10. Contact<\/h2>\n<p>Pour des questions ou commentaires \u00e0 propos de nos politiques de confidentialit\u00e9, veuillez nous contacter par ce biais :<\/p>\n<p>SOCI\u00c9T\u00c9 DES ANCIENS ETABLISSEMENTS MICHEL BOJMAL, SARL <br>LE POINT DU JOUR 23260 CROCQ <br>France <br>Site web: <a href=\"https:\/\/chapal.fr\/\">https:\/\/chapal.fr<\/a> <br>Email:&nbsp;<a href=\"mailto:contact@chapal.fr\">contact@chapal.fr<\/a> <br>Num\u00e9ro de t\u00e9l\u00e9phone: 06 16 11 56 60<\/p>\n","protected":false},"excerpt":{"rendered":"","protected":false},"author":7,"featured_media":0,"parent":0,"menu_order":0,"comment_status":"closed","ping_status":"closed","template":"","meta":{"footnotes":""},"acf":[],"_links":{"self":[{"href":"https:\/\/chapal.fr\/fr\/wp-json\/wp\/v2\/pages\/19928"}],"collection":[{"href":"https:\/\/chapal.fr\/fr\/wp-json\/wp\/v2\/pages"}],"about":[{"href":"https:\/\/chapal.fr\/fr\/wp-json\/wp\/v2\/types\/page"}],"author":[{"embeddable":true,"href":"https:\/\/chapal.fr\/fr\/wp-json\/wp\/v2\/users\/7"}],"replies":[{"embeddable":true,"href":"https:\/\/chapal.fr\/fr\/wp-json\/wp\/v2\/comments?post=19928"}],"version-history":[{"count":0,"href":"https:\/\/chapal.fr\/fr\/wp-json\/wp\/v2\/pages\/19928\/revisions"}],"wp:attachment":[{"href":"https:\/\/chapal.fr\/fr\/wp-json\/wp\/v2\/media?parent=19928"}],"curies":[{"name":"wp","href":"https:\/\/api.w.org\/{rel}","templated":true}]}}