{"id":18876,"date":"2020-09-06T22:15:10","date_gmt":"2020-09-06T22:15:10","guid":{"rendered":"https:\/\/chapal.fr\/le-studio\/"},"modified":"2023-01-09T07:55:19","modified_gmt":"2023-01-09T07:55:19","slug":"le-studio","status":"publish","type":"page","link":"https:\/\/chapal.fr\/fr\/le-studio\/","title":{"rendered":"Le Studio"},"content":{"rendered":"\n\n  <div class=\"banner has-hover is-full-height\" id=\"banner-772773135\">\n          <div class=\"banner-inner fill\">\n        <div class=\"banner-bg fill\" >\n            <img loading=\"lazy\" decoding=\"async\" width=\"2560\" height=\"1707\" src=\"https:\/\/chapal.fr\/wp-content\/uploads\/2020\/04\/Campagne-CHAPAL-Fall-Winter2018-13-scaled.jpg\" class=\"bg attachment-original size-original\" alt=\"\" \/>                                    \n                    <\/div>\n\t\t\n        <div class=\"banner-layers container\">\n            <div class=\"fill banner-link\"><\/div>            \n\n   <div id=\"text-box-733296337\" class=\"text-box banner-layer x50 md-x50 lg-x50 y50 md-y50 lg-y50 res-text\">\n                                <div class=\"text-box-content text dark\">\n              \n              <div class=\"text-inner text-center\">\n                  \n\n\n              <\/div>\n           <\/div>\n                            \n<style>\n#text-box-733296337 {\n  width: 60%;\n}\n#text-box-733296337 .text-box-content {\n  font-size: 100%;\n}\n@media (min-width:550px) {\n  #text-box-733296337 {\n    width: 60%;\n  }\n}\n<\/style>\n    <\/div>\n \n\n        <\/div>\n      <\/div>\n\n            \n<style>\n#banner-772773135 {\n  padding-top: 100%;\n}\n<\/style>\n  <\/div>\n\n\n\t<div id=\"gap-1344303669\" class=\"gap-element clearfix\" style=\"display:block; height:auto;\">\n\t\t\n<style>\n#gap-1344303669 {\n  padding-top: 50px;\n}\n<\/style>\n\t<\/div>\n\t\n\n<div class=\"row align-middle\"  id=\"row-905501958\">\n\n\n\t<div id=\"col-605136749\" class=\"col medium-5 small-12 large-5\"  >\n\t\t\t\t<div class=\"col-inner\"  >\n\t\t\t\n\t\t\t\n\n<h2 class=\"uppercase\" style=\"text-align: right;\"><span style=\"font-size: 27.648000717163086px;\"><b>Dans le studio de <br>Jean-Fran\u00e7ois Bardinon<\/b><\/span><\/h2>\n<p style=\"text-align: justify;\">L&rsquo;histoire de Chapal est une histoire de passion. Une passion familiale qui a eu une influence d\u00e9cisive sur tous ses membres. Les histoires les plus extraordinaires ont entour\u00e9 mon enfance et m&rsquo;ont entra\u00een\u00e9 dans un monde o\u00f9 la fantaisie rencontre la r\u00e9alit\u00e9. Lorsque le temps est venu pour moi de prendre les r\u00eanes de Chapal, j&rsquo;ai \u00e9t\u00e9 frapp\u00e9 par le fait que la mode \u00e9tait le cha\u00eenon manquant dans toute cette s\u00e9quence de transformation des mat\u00e9riaux. Elle est rapidement devenue l&rsquo;\u00e9l\u00e9ment central de Chapal sur lequel je m&rsquo;appuierais pour raconter notre histoire et offrir ce pr\u00e9cieux h\u00e9ritage \u00e0 nos clients.<\/p>\n<div class=\"accordion Read-more-studio\">\n\n<div class=\"accordion-item\"><a href=\"#\" class=\"accordion-title plain\" style=\"text-align:center;\"><span>Voir plus<\/span><\/a><div class=\"accordion-inner\">\n\n<p style=\"text-align: justify;\">En deux cents ans, Chapal a travers\u00e9 plusieurs \u00e9preuves, nous poussant \u00e0 nous adapter. Notre premier savoir-faire qui est de produire &#8211; avec l&rsquo;aide de nos tanneries et de nos chapelleries &#8211; nous a appris la pr\u00e9cision, la rigueur et l&rsquo;organisation. La fabrication de v\u00eatements militaires, puis de v\u00eatements de sport et de voitures de collection ne laisse aucune place \u00e0 l&rsquo;approximation. La rigueur, c&rsquo;est l&rsquo;obsession de la qualit\u00e9 du cuir, de la patine, de la coupe, de l&rsquo;assemblage&#8230;<\/p>\n<p style=\"text-align: justify;\">Afin d&rsquo;\u00e9quilibrer cette aust\u00e9rit\u00e9, j&rsquo;ai cr\u00e9\u00e9 \u00a0\u00bb LE STUDIO \u00ab\u00a0, un lieu de style et de libert\u00e9. Une \u00e9chappatoire \u00e0 la rigueur. Il n&rsquo;y a qu&rsquo;une seule limite : le savoir-faire de nos artisans. Comme notre fabrication est tr\u00e8s polyvalente, ma cr\u00e9ativit\u00e9 d\u00e9bouche sur une mode enchant\u00e9e.<\/p>\n<p style=\"text-align: justify;\">Chapal surplombe deux mondes :<br>Celui de la rigueur avec nos collections intemporelles.<br>Celui de la libert\u00e9 avec \u00a0\u00bb LE STUDIO \u00a0\u00bb et ses cr\u00e9ations \u00e9ph\u00e9m\u00e8res.<\/p>\n\n<\/div><\/div>\n\n<\/div>\n\n\t\t<\/div>\n\t\t\t\t\t<\/div>\n\n\t\n\n\t<div id=\"col-1177887712\" class=\"col medium-7 small-12 large-7 small-col-first\"  >\n\t\t\t\t<div class=\"col-inner\"  >\n\t\t\t\n\t\t\t\n\n\t<div class=\"img has-hover x md-x lg-x y md-y lg-y\" id=\"image_1094334725\">\n\t\t\t\t\t\t\t\t<div class=\"img-inner dark\" >\n\t\t\t<img loading=\"lazy\" decoding=\"async\" width=\"1020\" height=\"679\" src=\"https:\/\/chapal.fr\/wp-content\/uploads\/2020\/04\/CHAPAL-14-1024x682.jpg\" class=\"attachment-large size-large\" alt=\"\" srcset=\"https:\/\/chapal.fr\/wp-content\/uploads\/2020\/04\/CHAPAL-14-1024x682.jpg 1024w, https:\/\/chapal.fr\/wp-content\/uploads\/2020\/04\/CHAPAL-14-300x200.jpg 300w, https:\/\/chapal.fr\/wp-content\/uploads\/2020\/04\/CHAPAL-14-768x512.jpg 768w, https:\/\/chapal.fr\/wp-content\/uploads\/2020\/04\/CHAPAL-14-1536x1024.jpg 1536w, https:\/\/chapal.fr\/wp-content\/uploads\/2020\/04\/CHAPAL-14-1000x667.jpg 1000w, https:\/\/chapal.fr\/wp-content\/uploads\/2020\/04\/CHAPAL-14.jpg 2000w\" sizes=\"(max-width: 1020px) 100vw, 1020px\" \/>\t\t\t\t\t\t\n\t\t\t\t\t<\/div>\n\t\t\t\t\t\t\t\t\n<style>\n#image_1094334725 {\n  width: 100%;\n}\n<\/style>\n\t<\/div>\n\t\n\n\n\t\t<\/div>\n\t\t\t\t\t<\/div>\n\n\t\n\n<\/div>\n\t<div id=\"gap-1235010762\" class=\"gap-element clearfix\" style=\"display:block; height:auto;\">\n\t\t\n<style>\n#gap-1235010762 {\n  padding-top: 50px;\n}\n<\/style>\n\t<\/div>\n\t\n\n<div class=\"row align-middle\"  id=\"row-708779444\">\n\n\n\t<div id=\"col-2076989034\" class=\"col medium-7 small-12 large-7\"  >\n\t\t\t\t<div class=\"col-inner\"  >\n\t\t\t\n\t\t\t\n\n\t<div class=\"img has-hover x md-x lg-x y md-y lg-y\" id=\"image_66812456\">\n\t\t\t\t\t\t\t\t<div class=\"img-inner dark\" >\n\t\t\t<img loading=\"lazy\" decoding=\"async\" width=\"598\" height=\"596\" src=\"https:\/\/chapal.fr\/wp-content\/uploads\/2020\/04\/Red-SelvedgeDenim-Trousers.png\" class=\"attachment-large size-large\" alt=\"\" srcset=\"https:\/\/chapal.fr\/wp-content\/uploads\/2020\/04\/Red-SelvedgeDenim-Trousers.png 598w, https:\/\/chapal.fr\/wp-content\/uploads\/2020\/04\/Red-SelvedgeDenim-Trousers-300x300.png 300w, https:\/\/chapal.fr\/wp-content\/uploads\/2020\/04\/Red-SelvedgeDenim-Trousers-150x150.png 150w, https:\/\/chapal.fr\/wp-content\/uploads\/2020\/04\/Red-SelvedgeDenim-Trousers-100x100.png 100w, https:\/\/chapal.fr\/wp-content\/uploads\/2020\/04\/Red-SelvedgeDenim-Trousers-510x508.png 510w\" sizes=\"(max-width: 598px) 100vw, 598px\" \/>\t\t\t\t\t\t\n\t\t\t\t\t<\/div>\n\t\t\t\t\t\t\t\t\n<style>\n#image_66812456 {\n  width: 100%;\n}\n<\/style>\n\t<\/div>\n\t\n\n\n\t\t<\/div>\n\t\t\t\t\t<\/div>\n\n\t\n\n\t<div id=\"col-1451779438\" class=\"col medium-5 small-12 large-5\"  >\n\t\t\t\t<div class=\"col-inner\"  >\n\t\t\t\n\t\t\t\n\n<h2 class=\"uppercase\" style=\"text-align: left;\"><span style=\"font-size: 27.648000717163086px;\"><b>Collection<br>Jeans Brooklyn<\/b><\/span><\/h2>\n<p style=\"text-align: justify;\">Suite \u00e0 l&rsquo;invitation de Nicolas Monjo, trappeur dans le grand Nord am\u00e9ricain, Emile Chapal s&#8217;embarque pour New-York le 21 septembre 1882. Il y retrouve un ami creusois, M. Simonet, qui a install\u00e9 depuis quelques ann\u00e9es une entreprise de teinture de fourrure dans le quartier de Flatbush, \u00e0 Brooklyn. L&rsquo;entreprise connaissant des difficult\u00e9s financi\u00e8res, Emile Chapal la reprend et s&rsquo;installe au 19 John street et Pearl Street, cr\u00e9ant ainsi la premi\u00e8re C&#038;E Chapal Fr\u00e8res &#038; Cie aux Etats-Unis. Il ouvre ensuite des usines \u00e0 Flushing Avenue et Willougby Avenue, \u00e0 Brooklyn, o\u00f9 des centaines d&rsquo;ouvriers viennent chaque jour.<\/p>\n<p style=\"text-align: justify;\">Avec le soutien de la Fondation Chapal, une collection est con\u00e7ue pour c\u00e9l\u00e9brer le 100e anniversaire de l&rsquo;entreprise aux \u00c9tats-Unis. Le choix s&rsquo;est port\u00e9 sur le denim, \u00e9troitement li\u00e9 \u00e0 l&rsquo;histoire de l&rsquo;Am\u00e9rique. \u00c0 la fin du XIXe si\u00e8cle, lorsque Chapal s&rsquo;installait \u00e0 Brooklyn, le jean Denim \u00e9tait tr\u00e8s populaire. Il incarne notre histoire am\u00e9ricaine, comme le tissu lui-m\u00eame, proche de l&rsquo;esprit de nos cuirs Chapal.<\/p>\n<div class=\"accordion Read-more-studio2\">\n\n<div class=\"accordion-item\"><a href=\"#\" class=\"accordion-title plain\" style=\"text-align:center;\"><span>Voir plus<\/span><\/a><div class=\"accordion-inner\">\n\n<h2 style=\"text-align: left;\">LE TISSU<\/h2>\n<p style=\"text-align: justify;\">Afin d&rsquo;obtenir la meilleure qualit\u00e9 possible pour la collection Jeans-Brooklyn, nous recherchons les tissus Denim les plus traditionnels. Certaines usines travaillent dur pour recr\u00e9er avec pr\u00e9cision les petits d\u00e9fauts que l&rsquo;on pouvait voir sur les premiers jeans Denim am\u00e9ricains, aujourd&rsquo;hui marque de fabrique des pantalons de haute qualit\u00e9. Cette recherche d&rsquo;h\u00e9ritage et de robustesse dans nos jeans est la m\u00eame pour nos vestes en cuir. Au Japon, quelques petites manufactures proposent le Ring Spun Selvedge, tiss\u00e9 sur les c\u00e9l\u00e8bres m\u00e9tiers \u00e0 tisser Toyoda.<\/p>\n<p style=\"text-align: justify;\">Les teintures indigo naturelles intenses des usines Kurabo, Kuroki, Kaihara ou Momotaro sont les plus c\u00e9l\u00e8bres. Aux \u00c9tats-Unis, la soci\u00e9t\u00e9 Cone Mills est encore en activit\u00e9 aujourd&rsquo;hui. Complexe et co\u00fbteux, ce proc\u00e9d\u00e9 de teinture \u00e0 l&rsquo;indigo est \u00e9galement plus durable que l&rsquo;indigo artificiel. Nous proposons plusieurs \u00e9paisseurs, entre 10 et 13,5 Oz.<\/p>\n<h2 style=\"text-align: left;\">LE PROCESSUS<\/h2>\n<p style=\"text-align: justify;\">Comme toutes nos cr\u00e9ations, la collection Jeans-Brooklyn est r\u00e9alis\u00e9e dans notre manufacture de Crocq. Nos artisans, experts dans le travail du cuir, sont \u00e0 l&rsquo;aise avec le denim, une mati\u00e8re d&rsquo;une \u00e9paisseur similaire &#8211; environ 0,8mm pour une toile de 13,5 Oz. Afin de conf\u00e9rer \u00e0 chaque v\u00eatement son homog\u00e9n\u00e9it\u00e9, il est enti\u00e8rement r\u00e9alis\u00e9 par un seul artisan. Les machines \u00e0 coudre, le fil coton-polyester, les pi\u00e8ces m\u00e9talliques sont les m\u00eames que celles de nos vestes en cuir et sont la garantie d&rsquo;une qualit\u00e9 in\u00e9gal\u00e9e. Il y a une grande similitude dans la philosophie qui sous-tend la fabrication d&rsquo;un blouson de vol 1914 et d&rsquo;un jean Selvedge 13,5 Oz.<\/p>\n<p style=\"text-align: justify;\">Cette philosophie Chapal, notre savoir-faire depuis 1832 &#8211; industriel \u00e0 partir des mati\u00e8res premi\u00e8res et artisanal \u00e0 partir du processus &#8211; et notre pass\u00e9 am\u00e9ricain conf\u00e8rent \u00e0 la collection Jeans-Brooklyn une solide authenticit\u00e9 au sein de l&rsquo;industrie mondiale du denim. Nos gradations sont am\u00e9ricaines. Le sur-mesure est disponible.<\/p>\n\n<\/div><\/div>\n\n<\/div>\n\n\t\t<\/div>\n\t\t\t\t\t<\/div>\n\n\t\n\n<\/div>\n\t<div id=\"gap-310715708\" class=\"gap-element clearfix\" style=\"display:block; height:auto;\">\n\t\t\n<style>\n#gap-310715708 {\n  padding-top: 50px;\n}\n<\/style>\n\t<\/div>\n\t\n\n<div class=\"row align-middle\"  id=\"row-704335145\">\n\n\n\t<div id=\"col-439828967\" class=\"col medium-6 small-12 large-6\"  >\n\t\t\t\t<div class=\"col-inner\"  >\n\t\t\t\n\t\t\t\n\n<h2 class=\"uppercase\" style=\"text-align: right;\"><span style=\"font-size: 27.648000717163086px;\"><b>Chapeaux<br>Norwalk Collection<\/b><\/span><\/h2>\n<p style=\"text-align: justify;\">En 1922, suite \u00e0 une augmentation de son capital \u00e0 15 millions de francs, Chapal reprend une fabrique de chapeaux en feutre dans le Connecticut, aux Etats-Unis, afin de r\u00e9utiliser les poils de lapin provenant des peaux tann\u00e9es dans la fabrication de Brooklyn. Comme souvent, Chapal fait \u0153uvre de pionnier en optimisant ses perspectives commerciales tout en assurant son ind\u00e9pendance. Le march\u00e9 des chapeaux en feutre \u00e0 cette \u00e9poque \u00e9tait si important que nous devions importer du poil de lapin des manufactures fran\u00e7aises de Chapal. Pendant plus de 50 ans, Chapal sera un acteur du march\u00e9 am\u00e9ricain du chapeau en feutre sous la direction d&rsquo;Antonin Chapal.<\/p>\n<p style=\"text-align: justify;\">En 1970, Pierre Bardinon, qui ne souhaite pas poursuivre l&rsquo;histoire am\u00e9ricaine de Chapal, la Chapal Norwalk Hat Manufacturing Company fusionne avec la Donner Company. Aujourd&rsquo;hui, la philosophie originelle de l&rsquo;Ind\u00e9pendance est ma motivation et explique ma volont\u00e9 de contr\u00f4ler l&rsquo;ensemble de notre processus de fabrication, sans jamais avoir recours \u00e0 la sous-traitance. Il s&rsquo;agit d&rsquo;honn\u00eatet\u00e9 morale envers nos clients, qui viennent chez Chapal pour son authenticit\u00e9. La vraie nature du luxe.<\/p>\n<div class=\"accordion\">\n\n<div class=\"accordion-item\"><a href=\"#\" class=\"accordion-title plain\" style=\"text-align:center;\"><span>Voir plus<\/span><\/a><div class=\"accordion-inner\">\n\n<h2 style=\"text-align: right;\">LE MAT\u00c9RIAU<\/h2>\n<p style=\"text-align: justify;\">Le flet a des propri\u00e9t\u00e9s uniques ; c&rsquo;est un tr\u00e8s bon isolant, et sa r\u00e9silience est bien sup\u00e9rieure \u00e0 celle des tissus. Il est facile \u00e0 fabriquer. Les poils de lapin et de li\u00e8vre ont une structure en ar\u00eate de poisson qui s&#8217;emm\u00eale naturellement. Apr\u00e8s avoir \u00e9t\u00e9 tremp\u00e9e et infus\u00e9e, la mati\u00e8re premi\u00e8re, devenue feutre, est dispos\u00e9e en c\u00f4nes ou en matelas. C&rsquo;est un composant tr\u00e8s naturel. Chapal ayant arr\u00eat\u00e9 le tannage des peaux de lapin depuis de nombreuses ann\u00e9es, les c\u00f4nes de feutre proviennent de l&rsquo;une des derni\u00e8res manufactures de feutre en Europe, bas\u00e9e dans la r\u00e9gion des lacs en Italie du Nord.<\/p>\n<h2 style=\"text-align: right;\">LE PROCESSUS<\/h2>\n<p style=\"text-align: justify;\">Pour ces collections capsules, mon inspiration vient principalement de la ville de New-York. Brooklyn et nos manufactures am\u00e9ricaines sont des souvenirs vivaces. A Crocq, dans le centre de la France o\u00f9 toutes nos collections sont produites, Wassim, r\u00e9cemment arriv\u00e9 de Syrie, est notre chapelier. Ses influences orientales apportent une vision compl\u00e9mentaire sur notre univers. La diversit\u00e9 culturelle est l&rsquo;essence m\u00eame de Brooklyn. Comme le dit un chanteur : \u00a0\u00bb la mer noire, si loin, au bout de Brighton Beach&#8230; \u00ab\u00a0.<\/p>\n<p style=\"text-align: justify;\">Un chapeau de feutre est fait de la main de son cr\u00e9ateur. Baign\u00e9 dans la vapeur, il fa\u00e7onne et travaille sa forme. Peign\u00e9, lustr\u00e9, d\u00e9cor\u00e9, le chapeau devient un produit de luxe, un objet intime.<\/p>\n<p style=\"text-align: justify;\">Il n&rsquo;y a pas deux chapeaux identiques.<\/p>\n\n<\/div><\/div>\n\n<\/div>\n\n\t\t<\/div>\n\t\t\t\t\t<\/div>\n\n\t\n\n\t<div id=\"col-82794257\" class=\"col medium-6 small-12 large-6 small-col-first\"  >\n\t\t\t\t<div class=\"col-inner\"  >\n\t\t\t\n\t\t\t\n\n\t<div class=\"img has-hover x md-x lg-x y md-y lg-y\" id=\"image_2105933716\">\n\t\t\t\t\t\t\t\t<div class=\"img-inner dark\" >\n\t\t\t<img loading=\"lazy\" decoding=\"async\" width=\"599\" height=\"523\" src=\"https:\/\/chapal.fr\/wp-content\/uploads\/2020\/04\/Hats-2.png\" class=\"attachment-large size-large\" alt=\"\" srcset=\"https:\/\/chapal.fr\/wp-content\/uploads\/2020\/04\/Hats-2.png 599w, https:\/\/chapal.fr\/wp-content\/uploads\/2020\/04\/Hats-2-300x262.png 300w, https:\/\/chapal.fr\/wp-content\/uploads\/2020\/04\/Hats-2-510x445.png 510w\" sizes=\"(max-width: 599px) 100vw, 599px\" \/>\t\t\t\t\t\t\n\t\t\t\t\t<\/div>\n\t\t\t\t\t\t\t\t\n<style>\n#image_2105933716 {\n  width: 100%;\n}\n<\/style>\n\t<\/div>\n\t\n\n\n\t\t<\/div>\n\t\t\t\t\t<\/div>\n\n\t\n\n<\/div>\n\n","protected":false},"excerpt":{"rendered":"","protected":false},"author":1,"featured_media":0,"parent":0,"menu_order":0,"comment_status":"closed","ping_status":"closed","template":"page-blank.php","meta":{"footnotes":""},"acf":[],"_links":{"self":[{"href":"https:\/\/chapal.fr\/fr\/wp-json\/wp\/v2\/pages\/18876"}],"collection":[{"href":"https:\/\/chapal.fr\/fr\/wp-json\/wp\/v2\/pages"}],"about":[{"href":"https:\/\/chapal.fr\/fr\/wp-json\/wp\/v2\/types\/page"}],"author":[{"embeddable":true,"href":"https:\/\/chapal.fr\/fr\/wp-json\/wp\/v2\/users\/1"}],"replies":[{"embeddable":true,"href":"https:\/\/chapal.fr\/fr\/wp-json\/wp\/v2\/comments?post=18876"}],"version-history":[{"count":0,"href":"https:\/\/chapal.fr\/fr\/wp-json\/wp\/v2\/pages\/18876\/revisions"}],"wp:attachment":[{"href":"https:\/\/chapal.fr\/fr\/wp-json\/wp\/v2\/media?parent=18876"}],"curies":[{"name":"wp","href":"https:\/\/api.w.org\/{rel}","templated":true}]}}