{"id":339,"date":"2017-09-13T12:19:52","date_gmt":"2017-09-13T10:19:52","guid":{"rendered":"http:\/\/chapal.fr\/?page_id=339"},"modified":"2019-12-10T16:46:19","modified_gmt":"2019-12-10T15:46:19","slug":"savoir-faire","status":"publish","type":"page","link":"https:\/\/chapal.fr\/en\/savoir-faire\/","title":{"rendered":"Savoir-Faire"},"content":{"rendered":"[vc_row][vc_column][vc_column_text css_animation=&#8221;fadeIn&#8221;]\n<h4><strong>Le secret des mains d\u2019or<\/strong><\/h4>\n<p align=\"justify\">Depuis sa cr\u00e9ation la Maison CHAPAL a construit un empire de l\u2019artisanat. Symbole de luxe, d\u2019exigence et d\u2019excellence, la Maison choisit de produire l\u2019ensemble de ses pi\u00e8ces dans ses propres ateliers en France. Socle fondamental de la marque, sans cette fabrication totalement int\u00e9gr\u00e9e de la peau de cuir brut au produit fini, rien ne serait. Au fil des ann\u00e9es, elle n\u2019a cess\u00e9 de prouver son go\u00fbt pour la perfection et le travail bien fait \u00e0 travers une production minutieuse et rare. Ainsi, chaque jour, quelques dizaines de petites mains magiques prouvent un savoir-faire exceptionnel et des traditions ancestrales propres \u00e0 la Couture fran\u00e7aise.<\/p>\n<p align=\"justify\">La fabrication CHAPAL apporte ses qualit\u00e9s mais \u00e9galement ses d\u00e9fauts que la Maison essaye sans cesse de ma\u00eetriser mais qui parfois demeurent et donnent aux produits cette personnalit\u00e9 que l\u2019on qualifie d\u2019artisanale.<\/p>\n<p align=\"justify\">Depuis 1832, les personnes travaillant chez CHAPAL sont \u00e0 90% des ouvriers : tanneurs, teinturiers, coupeurs, couturi\u00e8res\u2026L\u2019esprit CHAPAL est de ma\u00eetriser l\u2019int\u00e9gralit\u00e9 de la production, d\u2019int\u00e9grer le travail de la mati\u00e8re en \u00e9vitant au maximum la sous-traitance m\u00eame dans des univers nouveaux comme la fabrication des chaussures, des casques, des jeans. Il est donc normal que les produits sortant des ateliers sentent le vrai, l\u2019authentique.<\/p>\n<p align=\"justify\">Pour qu\u2019un produit ait une \u00e2me CHAPAL il faut par exemple, pour une veste en cuir, mod\u00e8le 1914 :12 peaux de mouton d\u2019origine des Causses, r\u00e9gion l\u00e9g\u00e8rement montagneuse o\u00f9 les b\u00eates doivent marcher durement pour se nourrir, ce qui donne au cuir une tenue naturelle. Le tannage s\u2019effectue dans de grandes cuves o\u00f9 l\u2019on s\u00e9pare la laine du cuir. Les peaux sont \u00e9charn\u00e9es, tremp\u00e9es dans des bains d\u2019acide que l\u2019on appelle \u00ab pickle \u00bb. Hors des bains, elles restent plusieurs jours, voire semaines, et se bonifient. Alors intervient le tannage au chrome ou aux tannins v\u00e9g\u00e9taux stabilisant d\u00e9finitivement la peau qui devient cuir.<\/p>\n<p align=\"justify\">Les cuirs sont ensuite travaill\u00e9s pour nettoyer la partie chair dite \u00ab velours \u00bb et le c\u00f4t\u00e9 fleur est liss\u00e9 pour lui donner sa brillance. Pour la mise en teinture, ils sont plong\u00e9s dans des tonneaux d\u2019eau, de colorant et de nourriture. S\u00e9ch\u00e9s, ils sont \u00e0 nouveau travaill\u00e9s sur des machines qui les mettent \u00e0 plat, poncent la fleur puis la lustrent. Pour certains besoins ils peuvent subir une plastification ou teinture au pistolet \u00e0 peindre. Le triage du coupeur intervient : les cuirs sont class\u00e9s par d\u00e9grad\u00e9 de teinte et d\u2019\u00e9paisseur.<\/p>\n<p align=\"justify\">Alors commence le travail de la coupe \u00e0 la main avec une lame et un patronage en agglom\u00e9r\u00e9 compos\u00e9 de 32 morceaux par blouson. Ils sont dispos\u00e9s sur les peaux selon le grain du cuir et la teinte. Une marque, un reflet plus fonc\u00e9, ou encore une cicatrice, deviendront le d\u00e9tail qui fait de la veste une pi\u00e8ce unique. La doublure en gabardine de coton 220 grammes achet\u00e9e brute et teinte \u00e0 la couleur est coup\u00e9e au ciseau. C\u2019est au tour de la m\u00e9canicienne d\u2019intervenir. Elle contr\u00f4le si tous les morceaux de cuir ont bien \u00e9t\u00e9 crant\u00e9s puis pose une bande de toile thermocollante sur les contours des morceaux pour rigidifier les coutures, fait les ouvertures de poches, puis assemble la doublure. Alors commence le montage des 32 morceaux de cuir \u00e0 la machine \u00e0 coudre. La particularit\u00e9 de ce travail veut qu\u2019ils soient cousus \u00e0 l\u2019envers. Le fil est constitu\u00e9 \u00e0 50% de polyester pour la r\u00e9sistance et 50 % de coton pour son aspect naturel\u2026 40 m\u00e8tres de fil sont n\u00e9cessaires \u00e0 la confection de la veste. La dur\u00e9e du montage est d\u2019environ 8h, une journ\u00e9e de travail.<\/p>\n<p align=\"justify\">Un 1er contr\u00f4le est assur\u00e9 lors de la pose des boutons, 6 en corne pour la veste, 8 en r\u00e9sine pour le col amovible, la doublure est bross\u00e9e, repass\u00e9e, les queues de fils coup\u00e9es\u2026 Intervient alors le contr\u00f4le d\u00e9finitif, t\u00e2che excessivement importante car elle r\u00e9v\u00e8le l\u2019ensemble de la fabrication. Le responsable du choix des peaux va contr\u00f4ler le produit fini, lui donner sa patine, en le repassant, frottant les coutures et signer le ticket de sortie. La veste sera exp\u00e9di\u00e9e \u00e0 son destinataire quelque part dans le monde.<\/p>\n<div style=\"width: 640px;\" class=\"wp-video\"><!--[if lt IE 9]><script>document.createElement('video');<\/script><![endif]-->\n<video class=\"wp-video-shortcode\" id=\"video-339-1\" width=\"640\" height=\"480\" preload=\"metadata\" controls=\"controls\"><source type=\"video\/mp4\" src=\"http:\/\/chapal.fr\/wp-content\/uploads\/2017\/09\/CHAPAL-JUTO-DEMO.mp4?_=1\" \/><a href=\"http:\/\/chapal.fr\/wp-content\/uploads\/2017\/09\/CHAPAL-JUTO-DEMO.mp4\">http:\/\/chapal.fr\/wp-content\/uploads\/2017\/09\/CHAPAL-JUTO-DEMO.mp4<\/a><\/video><\/div>\n[\/vc_column_text][vc_media_grid element_width=&#8221;2&#8243; grid_id=&#8221;vc_gid:1505806863589-0e084e8cd8f36ce1addfd0a76ace27f9-3&#8243; include=&#8221;328,327,326,325,324,322,321,320,319,318,317,316,315,314,313,312,311,310,309,308,307,306,305,304,303,302,301,300,299,298,297,296,295,294,293,292&#8243;][\/vc_column][\/vc_row]\n","protected":false},"excerpt":{"rendered":"[vc_row][vc_column][vc_column_text css_animation=&#8221;fadeIn&#8221;] Le secret des mains d\u2019or Depuis sa cr\u00e9ation la Maison CHAPAL a construit un empire de l\u2019artisanat. Symbole de luxe, d\u2019exigence et d\u2019excellence, la Maison choisit de produire l\u2019ensemble de ses pi\u00e8ces dans ses propres ateliers en France. Socle fondamental de la marque, sans cette fabrication totalement int\u00e9gr\u00e9e de la peau de cuir [&#8230;]\n","protected":false},"author":1,"featured_media":0,"parent":0,"menu_order":0,"comment_status":"closed","ping_status":"closed","template":"","meta":{"footnotes":""},"acf":[],"_links":{"self":[{"href":"https:\/\/chapal.fr\/en\/wp-json\/wp\/v2\/pages\/339"}],"collection":[{"href":"https:\/\/chapal.fr\/en\/wp-json\/wp\/v2\/pages"}],"about":[{"href":"https:\/\/chapal.fr\/en\/wp-json\/wp\/v2\/types\/page"}],"author":[{"embeddable":true,"href":"https:\/\/chapal.fr\/en\/wp-json\/wp\/v2\/users\/1"}],"replies":[{"embeddable":true,"href":"https:\/\/chapal.fr\/en\/wp-json\/wp\/v2\/comments?post=339"}],"version-history":[{"count":0,"href":"https:\/\/chapal.fr\/en\/wp-json\/wp\/v2\/pages\/339\/revisions"}],"wp:attachment":[{"href":"https:\/\/chapal.fr\/en\/wp-json\/wp\/v2\/media?parent=339"}],"curies":[{"name":"wp","href":"https:\/\/api.w.org\/{rel}","templated":true}]}}