{"id":335,"date":"2017-09-13T12:17:05","date_gmt":"2017-09-13T10:17:05","guid":{"rendered":"http:\/\/chapal.fr\/?page_id=335"},"modified":"2019-12-10T15:50:28","modified_gmt":"2019-12-10T14:50:28","slug":"histoire","status":"publish","type":"page","link":"https:\/\/chapal.fr\/en\/histoire\/","title":{"rendered":"Histoire"},"content":{"rendered":"[vc_row][vc_column][vc_column_text css_animation=&#8221;fadeIn&#8221; css=&#8221;.vc_custom_1505312935807{margin-bottom: 50px !important;}&#8221;]\n<h4><em><span style=\"font-family: Helvetica, Arial, sans-serif;\">&#8220;<span style=\"font-size: medium;\">Il faut parfois savoir garder des valeurs fondamentales et rechercher dans une r\u00e9alisation le beau et le bien fait. C\u2019est pourquoi j\u2019aime ce mot d\u2019artisan qui est form\u00e9 du mot art \u2026 et qui exprime une id\u00e9e de libert\u00e9 d\u2019ind\u00e9pendance et de travail bien fait.&#8221;<\/span><\/span><\/em><\/h4>\n[\/vc_column_text][vc_single_image image=&#8221;291&#8243; img_size=&#8221;full&#8221; css_animation=&#8221;fadeIn&#8221;][\/vc_column][\/vc_row][vc_row][vc_column][vc_tta_tabs][vc_tta_section title=&#8221;200 ans d&#8217;Histoire&#8221; tab_id=&#8221;1505313186521-77bad918-78c6&#8243;][vc_column_text][timeline-express][\/vc_column_text][\/vc_tta_section][vc_tta_section title=&#8221;Histoire &amp; Automobiles&#8221; tab_id=&#8221;1505313186523-ca4e6ad0-6ee4&#8243;][vc_column_text css_animation=&#8221;fadeIn&#8221;]\n<h5><strong>Histoire<\/strong><\/h5>\n<p><strong>Cr\u00e9\u00e9e en 1832, CHAPAL est une Maison de Pr\u00eat-\u00e0-porter de Luxe et de Maroquinerie.<\/strong><\/p>\n<p align=\"justify\">CHAPAL, c\u2019est une histoire originale et unique, celle d\u2019une Manufacture fran\u00e7aise \u00e0 l\u2019origine de nombreuses inventions dans le traitement des peaux et qui employait au milieu du XXe si\u00e8cle plus de 3 000 ouvriers dans ses ateliers de Montreuil-sous-Bois, Lagny-sur-Marne et Brooklyn. Son expertise in\u00e9gal\u00e9e et son avant gardisme lui ont permis de devenir une v\u00e9ritable r\u00e9f\u00e9rence dans la fabrication de v\u00eatements de fourrure et de cuir.<\/p>\n<p align=\"justify\">En 1832, face \u00e0 l\u2019engouement pour les peaux et la fourrure, les descendants de la Maison CHAPAL tirent parti des proc\u00e9d\u00e9s employ\u00e9s dans l\u2019industrie de la soie et adoptent ces m\u00e9thodes de teinture sur la peau de lapin. Ils ouvrent alors une boutique rue de la Roquette \u00e0 Paris, puis partent \u00e0 la conqu\u00eate de l\u2019Am\u00e9rique. L\u2019affaire prosp\u00e8re rapidement, c\u2019est le d\u00e9but de l\u2019Histoire CHAPAL.<\/p>\n<p align=\"justify\">Le savoir-faire de la Maison sera plus tard reconnu par les arm\u00e9es fran\u00e7aises et am\u00e9ricaines. En 1914, l\u2019usine de Crocq se voit confier le traitement des peaux pour la fabrication des vestes et combinaisons pour l\u2019aviation fran\u00e7aise. Georges Guynemer, c\u00e9l\u00e8bre pilote de l\u2019Escadrille des Cigognes, est \u00e9quip\u00e9 d\u2019une veste trois-quart crois\u00e9e, large col en mouton dor\u00e9, devenue la veste CHAPAL 1914. Et, c\u2019est avec le tr\u00e8s embl\u00e9matique blouson A1, toujours fabriqu\u00e9 par la Maison, que Charles Lindbergh, va traverser l\u2019Atlantique. Pendant la 2nde GM, les usines CHAPAL seront choisies par l\u2019US Army Force pour la production de ses peaux de mouton retourn\u00e9. L\u2019aspect verni et craquant des blousons \u00ab Bombardier \u00bb, est l\u2019invention et la signature de la Maison. Quelques ann\u00e9es plus tard, Christian Dior fera appel \u00e0 CHAPAL pour la r\u00e9alisation de son pr\u00eat-\u00e0-porter fourrure et cuir. Collaboration qui durera 20 ans.<\/p>\n<p align=\"justify\">Aujourd\u2019hui, Jean Fran\u00e7ois Bardinon, 6\u00e8me g\u00e9n\u00e9ration et actuel pr\u00e9sident, propulse cette Maison dans un nouveau chapitre de son Histoire. Il cr\u00e9e un style propre \u00e0 CHAPAL, intemporel et inimitable. Ses collections enrichissent un peu plus l\u2019h\u00e9ritage de la Maison qui vibre \u00e0 travers son patrimoine, son audace et l\u2019exigence de perfection. Il s\u2019inspire de sa passion pour l\u2019automobile, et attire, entre autre, les collectionneurs et amateurs d\u2019automobiles anciennes.<\/p>\n<p align=\"justify\">CHAPAL dispose d\u2019une notori\u00e9t\u00e9 internationale grandissante et s\u00e9duit une client\u00e8le \u00e9trang\u00e8re \u00e0 la recherche d\u2019un savoir-faire toujours plus rare. La Maison r\u00e9pond \u00e9galement aux demandes les plus insolites ou les plus extravagantes de ses clients gr\u00e2ce \u00e0 son offre sur-mesure.<\/p>\n<p align=\"justify\">Gr\u00e2ce \u00e0 Jean Fran\u00e7ois Bardinon, l\u2019histoire continue : CHAPAL s\u2019est hiss\u00e9 au rang des Maisons de Luxe fran\u00e7aises et appara\u00eet comme une exception puisqu\u2019\u00e0 l\u2019heure des d\u00e9localisations, tout est toujours fabriqu\u00e9 sur le territoire fran\u00e7ais, dans les propres ateliers de Crocq, dans la Creuse afin d\u2019offrir \u00e0 ses clients toujours plus de qualit\u00e9 et d\u2019originalit\u00e9.<\/p>\n<p align=\"justify\">Quant aux ateliers de Montreuil-sous-Bois et de Lagny-sur-Marne, ils sont toujours la propri\u00e9t\u00e9 de la Maison CHAPAL. Pour conserver le patrimoine historique et la m\u00e9moire industrielle, ils ont \u00e9t\u00e9 transform\u00e9s en centres artistiques o\u00f9 une centaine de talents aux fortunes et horizons divers font revivre les anciennes tanneries. Leur pr\u00e9sence embellit ces lieux qui ont contribu\u00e9 \u00e0 \u00e9crire l\u2019histoire CHAPAL.<\/p>\n[\/vc_column_text][\/vc_tta_section][\/vc_tta_tabs][\/vc_column][\/vc_row]\n","protected":false},"excerpt":{"rendered":"[vc_row][vc_column][vc_column_text css_animation=&#8221;fadeIn&#8221; css=&#8221;.vc_custom_1505312935807{margin-bottom: 50px !important;}&#8221;] &#8220;Il faut parfois savoir garder des valeurs fondamentales et rechercher dans une r\u00e9alisation le beau et le bien fait. C\u2019est pourquoi j\u2019aime ce mot d\u2019artisan qui est form\u00e9 du mot art \u2026 et qui exprime une id\u00e9e de libert\u00e9 d\u2019ind\u00e9pendance et de travail bien fait.&#8221; [\/vc_column_text][vc_single_image image=&#8221;291&#8243; img_size=&#8221;full&#8221; css_animation=&#8221;fadeIn&#8221;][\/vc_column][\/vc_row][vc_row][vc_column][vc_tta_tabs][vc_tta_section title=&#8221;200 [&#8230;]\n","protected":false},"author":1,"featured_media":0,"parent":0,"menu_order":0,"comment_status":"closed","ping_status":"closed","template":"","meta":{"footnotes":""},"acf":[],"_links":{"self":[{"href":"https:\/\/chapal.fr\/en\/wp-json\/wp\/v2\/pages\/335"}],"collection":[{"href":"https:\/\/chapal.fr\/en\/wp-json\/wp\/v2\/pages"}],"about":[{"href":"https:\/\/chapal.fr\/en\/wp-json\/wp\/v2\/types\/page"}],"author":[{"embeddable":true,"href":"https:\/\/chapal.fr\/en\/wp-json\/wp\/v2\/users\/1"}],"replies":[{"embeddable":true,"href":"https:\/\/chapal.fr\/en\/wp-json\/wp\/v2\/comments?post=335"}],"version-history":[{"count":0,"href":"https:\/\/chapal.fr\/en\/wp-json\/wp\/v2\/pages\/335\/revisions"}],"wp:attachment":[{"href":"https:\/\/chapal.fr\/en\/wp-json\/wp\/v2\/media?parent=335"}],"curies":[{"name":"wp","href":"https:\/\/api.w.org\/{rel}","templated":true}]}}